{"id":294,"date":"2024-04-16T05:23:24","date_gmt":"2024-04-16T03:23:24","guid":{"rendered":"https:\/\/labelsuisse.ch\/?page_id=294"},"modified":"2024-09-26T16:18:10","modified_gmt":"2024-09-26T14:18:10","slug":"ueber-uns","status":"publish","type":"page","link":"https:\/\/labelsuisse.ch\/archive\/2024\/de\/ueber-uns\/","title":{"rendered":"\u00dcber uns"},"content":{"rendered":"\n<h4 class=\"wp-block-heading\">Das Festival<\/h4>\n\n\n\n<p>Biennale, kostenlos, urban und popul\u00e4r \u2013 das Label Suisse widmet sein Programm der Schweizer Musik in ihrer ganzen Diversit\u00e4t und l\u00e4dt das Publikum ein, best\u00e4tigte K\u00fcnstlerinnen und K\u00fcnstler sowie neue Talente zu entdecken. Ihre Konzerte vereinen moderne Musik mit Jazz, Klassik und Neuer Volksmusik.&nbsp;<\/p>\n\n\n\n<p>Seit 2004 durchk\u00e4mmt das Label Suisse die Schweizer B\u00fchnen und macht Lausanne zum Epizentrum ihrer Vielseitigkeit. Klassisch bis modern, neue Volksmusik, Hip-Hop, Pop, Nuancen der Rockmusik, Elektro, Jazz und Experimental \u2013 Das Programm zeigt bekannte Musikerinnen und Musiker und jene auf dem Weg dazu. Mischt popul\u00e4re Stile mit Nischen, vertieft Genres in ihren Nuancen und versammelt ihre Publika rund um geteilte Affinit\u00e4ten und zur Entdeckung von neuen.&nbsp;<br>&nbsp;<\/p>\n\n\n\n<h5 class=\"wp-block-heading\">Konzerte und mehr<\/h5>\n\n\n\n<p>Das Label Suisse wirkt \u00fcber die Versammlung der verschiedenen Szenen und ihrer Zuh\u00f6rer hinaus: Kollektive, Berufsleute, Aktivisten, multidisziplin\u00e4re Forscher\/-innen und K\u00fcnstler\/-innen gravieren rund um die umfangreichen Darbietungen in einem Netzwerk aus B\u00fchnen, einer breiten Palette an Ateliers, Konferenzen, Label M\u00e4rkten und Round-Table-Gespr\u00e4chen.&nbsp;<\/p>\n\n\n\n<p>In Verbindung mit den aktuellen und k\u00fcnftigen Herausforderungen der Musik sowie dem \u00e4sthetischen, sozialen und kulturellen Ausdruck, definiert sich Label Suisse sowohl als Festival f\u00fcr Neuentdeckungen, ein Sprungbrett f\u00fcr K\u00fcnstlerinnen und K\u00fcnstler sowie als einen Ort des Austausches, der Entdeckungen und des Experimentierens. Diese Ambitionen machen das Festival zur einzigartigen Schaub\u00fchne der lebendigen Kl\u00e4nge und ihrer Dynamik.&nbsp;<\/p>\n\n\n\n<p>2018 erg\u00e4nzen kreative Spezialprojekte das Festivalprogramm. Dank Koproduktionen mit anderen Festivals und Partnerschaften mit Musikhochschulen der verschiedenen Kantone bringen diese Spezialprojekte der Veranstaltung einen echten Mehrwert.<br>&nbsp;<\/p>\n\n\n\n<h4 class=\"wp-block-heading\">Seine Mission<\/h4>\n\n\n\n<ul class=\"wp-block-list\">\n<li>Ein Programm mit freiem Zutritt anbieten<\/li>\n\n\n\n<li>Das Entdecken und Vermischen der Publika f\u00f6rdern mit einem Programm, das verschiedene Genres vereint<\/li>\n\n\n\n<li>Die Schweiz als fruchtbaren N\u00e4hrboden f\u00fcr Kultur positionieren, die Vielfalt der Schweizer Musikszene aufzeigen, deren K\u00fcnstlerinnen und K\u00fcnstler im Ausland grosse Anerkennung finden<\/li>\n\n\n\n<li>Ein Abbild der Schweizer Musikszene pr\u00e4sentieren als Standaufnahme der Aktualit\u00e4t und zur Fokussierung auf die aktuellen Trends und popul\u00e4ren Stilrichtungen aus dem ganzen Land.<\/li>\n<\/ul>\n\n\n\n<p>&nbsp;<\/p>\n\n\n\n<h4 class=\"wp-block-heading\">Historie<\/h4>\n\n\n\n<p><strong>2004<\/strong> \u2192 Label Suisse entsteht am Radio Suisse Romande (RSR) mit 1600 Festivalbesuchern\/-innen&nbsp;<\/p>\n\n\n\n<p><strong>2006<\/strong> \u2192 Das Festival findet in der Fabrik TRIDEL statt, der neuen Kehrichtverbrennungsanlage von Lausanne und vereint 15 000 Festivalbesucher\/-innen&nbsp;<\/p>\n\n\n\n<p><strong>2008<\/strong> \u2192 Label Suisse koppelt sich an die Einweihung der M\u00e9tro M2 und findet entlang des Trassees der neuen Lausanner Metro statt mit rund 300 000 Besuchern\/-innen<\/p>\n\n\n\n<p><strong>2010<\/strong> \u2192 Das Festival zieht auf verschiedenen Pl\u00e4tzen der Innenstadt ein sowie in die Konzerthalle M\u00e9tropole, in den D! Club und ins Romandie und vereint 100 000 Festivalbesucher\/-innen<\/p>\n\n\n\n<p><strong>2012<\/strong> \u2192 Indoor-Winterausgabe mit 15 000 Festivalbesuchern\/-innen in 8 S\u00e4len und Kulturorten der Stadt Lausanne.&nbsp;<\/p>\n\n\n\n<p><strong>2014<\/strong> \u2192 100 000 Festivalbesucher\/-innen folgen den 85 Konzerten in 6 S\u00e4len und Lausanner Kulturorten &nbsp;<\/p>\n\n\n\n<p><strong>2016<\/strong> \u2192 60 000 Festivalbesucher\/-innen trotzen dem Regenwetter und besuchen 80 Konzerte an 9 Lausanner Orten&nbsp;<\/p>\n\n\n\n<p><strong>2018<\/strong> \u2192 90 000 Festivalbesucher\/-innen und \u00fcber 70 Konzerte sowie ein neues Genre: Neue Volksmusik&nbsp;<\/p>\n\n\n\n<p><strong>2020<\/strong> \u2192 Label Suisse passt sich den COVID-Gesundheitsrestriktionen an und vereint in der 9. Ausgabe 12 000 Festivalbesucher\/-innen an 60 Konzerten in 7 S\u00e4len.<\/p>\n\n\n\n<p><strong>2022&nbsp;<\/strong>\u2192 Label Suisse feiert seine 10 Jahre mit 75&nbsp;000 Festivalbesuchern\/-innen. Die Jubil\u00e4umsausgabe f\u00fchrt eine Entdeckungsb\u00fchne f\u00fcr junge Talente ein und den Grossen Markt der Labels.&nbsp;<\/p>\n\n\n\n<p><strong>2024<\/strong> \u2192 Label Suisse kehrt ins Stadtzentrum zur\u00fcck und sieht seine gro\u00dfe B\u00fchne auf den Place des Pionni\u00e8res (ehemals Place Centrale) zur\u00fcckkehren. Das Festival endet mit einer strahlenden Bilanz f\u00fcr seine 11. Ausgabe, die rund 60.000 Festivalbesucher*innen bei 66 Konzerten, darunter 3 exklusive Neukreationen, zusammengebracht hat.<\/p>\n","protected":false},"excerpt":{"rendered":"<p>Das Festival Biennale, kostenlos, urban und popul\u00e4r \u2013 das Label Suisse widmet sein Programm der Schweizer Musik in ihrer ganzen Diversit\u00e4t und l\u00e4dt das Publikum ein, best\u00e4tigte K\u00fcnstlerinnen und K\u00fcnstler sowie neue Talente zu entdecken. Ihre Konzerte vereinen moderne Musik mit Jazz, Klassik und Neuer Volksmusik.&nbsp; Seit 2004 durchk\u00e4mmt das Label Suisse die Schweizer B\u00fchnen [&hellip;]<\/p>\n","protected":false},"author":1,"featured_media":0,"parent":0,"menu_order":10,"comment_status":"closed","ping_status":"closed","template":"","meta":{"_acf_changed":false,"footnotes":""},"class_list":["post-294","page","type-page","status-publish","hentry"],"acf":[],"_links":{"self":[{"href":"https:\/\/labelsuisse.ch\/archive\/2024\/de\/wp-json\/wp\/v2\/pages\/294","targetHints":{"allow":["GET"]}}],"collection":[{"href":"https:\/\/labelsuisse.ch\/archive\/2024\/de\/wp-json\/wp\/v2\/pages"}],"about":[{"href":"https:\/\/labelsuisse.ch\/archive\/2024\/de\/wp-json\/wp\/v2\/types\/page"}],"author":[{"embeddable":true,"href":"https:\/\/labelsuisse.ch\/archive\/2024\/de\/wp-json\/wp\/v2\/users\/1"}],"replies":[{"embeddable":true,"href":"https:\/\/labelsuisse.ch\/archive\/2024\/de\/wp-json\/wp\/v2\/comments?post=294"}],"version-history":[{"count":3,"href":"https:\/\/labelsuisse.ch\/archive\/2024\/de\/wp-json\/wp\/v2\/pages\/294\/revisions"}],"predecessor-version":[{"id":1691,"href":"https:\/\/labelsuisse.ch\/archive\/2024\/de\/wp-json\/wp\/v2\/pages\/294\/revisions\/1691"}],"wp:attachment":[{"href":"https:\/\/labelsuisse.ch\/archive\/2024\/de\/wp-json\/wp\/v2\/media?parent=294"}],"curies":[{"name":"wp","href":"https:\/\/api.w.org\/{rel}","templated":true}]}}