{"id":296,"date":"2024-04-16T06:54:07","date_gmt":"2024-04-16T04:54:07","guid":{"rendered":"https:\/\/labelsuisse.ch\/?page_id=296"},"modified":"2024-04-17T17:07:19","modified_gmt":"2024-04-17T15:07:19","slug":"kontakt","status":"publish","type":"page","link":"https:\/\/labelsuisse.ch\/archive\/2024\/de\/kontakt\/","title":{"rendered":"Kontakt"},"content":{"rendered":"\n<p>Association Label Suisse pour la mise en valeur des musiques suisses<br>Place de la Cath\u00e9drale 6<br>CH-1005 Lausanne<\/p>\n\n\n\n<p>Allgemeine anfragen<br><a href=\"mailto:info@labelsuisse.ch\">info@labelsuisse.ch<\/a><\/p>\n\n\n\n<p>Kommunikation<br><a href=\"mailto:comm@labelsuisse.ch\">comm@labelsuisse.ch<\/a><\/p>\n\n\n\n<p>Presse<br><a href=\"mailto:presse@labelsuisse.ch\">presse@labelsuisse.ch<\/a><\/p>\n\n\n\n<p>Programmgestaltung<br>Das Programmkomitee des Festivals kontaktiert die K\u00fcnstlerInnen direkt und w\u00e4hlt sie von einer Ausgabe zur n\u00e4chsten aus. Sie k\u00f6nnen uns gerne Ihre Vorschl\u00e4ge an die oben genannte Adresse f\u00fcr allgemeine Anfragen senden. Wenn Ihr Vorschlag in unser Programm passen sollte, werden wir Sie kontaktieren.<\/p>\n","protected":false},"excerpt":{"rendered":"<p>Association Label Suisse pour la mise en valeur des musiques suissesPlace de la Cath\u00e9drale 6CH-1005 Lausanne Allgemeine anfrageninfo@labelsuisse.ch Kommunikationcomm@labelsuisse.ch Pressepresse@labelsuisse.ch ProgrammgestaltungDas Programmkomitee des Festivals kontaktiert die K\u00fcnstlerInnen direkt und w\u00e4hlt sie von einer Ausgabe zur n\u00e4chsten aus. Sie k\u00f6nnen uns gerne Ihre Vorschl\u00e4ge an die oben genannte Adresse f\u00fcr allgemeine Anfragen senden. Wenn Ihr Vorschlag [&hellip;]<\/p>\n","protected":false},"author":1,"featured_media":0,"parent":0,"menu_order":40,"comment_status":"closed","ping_status":"closed","template":"","meta":{"_acf_changed":false,"footnotes":""},"class_list":["post-296","page","type-page","status-publish","hentry"],"acf":[],"_links":{"self":[{"href":"https:\/\/labelsuisse.ch\/archive\/2024\/de\/wp-json\/wp\/v2\/pages\/296","targetHints":{"allow":["GET"]}}],"collection":[{"href":"https:\/\/labelsuisse.ch\/archive\/2024\/de\/wp-json\/wp\/v2\/pages"}],"about":[{"href":"https:\/\/labelsuisse.ch\/archive\/2024\/de\/wp-json\/wp\/v2\/types\/page"}],"author":[{"embeddable":true,"href":"https:\/\/labelsuisse.ch\/archive\/2024\/de\/wp-json\/wp\/v2\/users\/1"}],"replies":[{"embeddable":true,"href":"https:\/\/labelsuisse.ch\/archive\/2024\/de\/wp-json\/wp\/v2\/comments?post=296"}],"version-history":[{"count":3,"href":"https:\/\/labelsuisse.ch\/archive\/2024\/de\/wp-json\/wp\/v2\/pages\/296\/revisions"}],"predecessor-version":[{"id":341,"href":"https:\/\/labelsuisse.ch\/archive\/2024\/de\/wp-json\/wp\/v2\/pages\/296\/revisions\/341"}],"wp:attachment":[{"href":"https:\/\/labelsuisse.ch\/archive\/2024\/de\/wp-json\/wp\/v2\/media?parent=296"}],"curies":[{"name":"wp","href":"https:\/\/api.w.org\/{rel}","templated":true}]}}