{"id":300,"date":"2024-04-16T06:50:27","date_gmt":"2024-04-16T04:50:27","guid":{"rendered":"https:\/\/labelsuisse.ch\/?page_id=300"},"modified":"2024-08-20T15:44:03","modified_gmt":"2024-08-20T13:44:03","slug":"team","status":"publish","type":"page","link":"https:\/\/labelsuisse.ch\/archive\/2024\/de\/team\/","title":{"rendered":"Team"},"content":{"rendered":"\n<h4 class=\"wp-block-heading\">Verein&nbsp;<\/h4>\n\n\n\n<p>Vorstand von &#8222;Label Suisse pour la mise en valeur des musiques suisses&#8220;&nbsp;<\/p>\n\n\n\n<p>Pr\u00e4sident: Laurent Maire<\/p>\n\n\n\n<p>Vizepr\u00e4sident: Thierry Wegm\u00fcller&nbsp;<\/p>\n\n\n\n<p>Mitglieder: Albane Schlechten (Fondation CMA), Alexandra Duvanel, Laurence Vinclair, Nicolae Schiau (RTS), Tom Guex (Ville de Lausanne)<\/p>\n\n\n\n<h4 class=\"wp-block-heading\">Verwaltung<\/h4>\n\n\n\n<p>D\u00e9sir\u00e9e Domig<br>&nbsp;<\/p>\n\n\n\n<h4 class=\"wp-block-heading\">Programmteam&nbsp;<\/h4>\n\n\n\n<p>Aktuelle Musik: Ma\u00ef Kolly<\/p>\n\n\n\n<p>Jazz: Julien Feltin&nbsp;<\/p>\n\n\n\n<p>Classik: Kevin Juillerat<\/p>\n\n\n\n<p>Neue Volksmusik: Johannes R\u00fchl<br>&nbsp;<\/p>\n\n\n\n<h4 class=\"wp-block-heading\">Produktion&nbsp;<\/h4>\n\n\n\n<p>Opus One&nbsp;<br>&nbsp;<\/p>\n\n\n\n<h4 class=\"wp-block-heading\">Kommunikation<\/h4>\n\n\n\n<p>Verantwortliche: Marielle Sperandio<\/p>\n\n\n\n<p>Assistent: Christophe Jornod<\/p>\n\n\n\n<p>Presseperson Westschweiz: Michel May&nbsp;<\/p>\n\n\n\n<p>Grafikdesign: Studio Bad<\/p>\n\n\n\n<p>Web: daisybell&nbsp;<\/p>\n\n\n\n<p>Video: Production Production<\/p>\n\n\n\n<p>Redaktion: David Brun-Lambert und Alex Craker&nbsp;<\/p>\n\n\n\n<p>\u00dcbersetzungen: Manuela Lavanchy<\/p>\n\n\n\n<p>Unterst\u00fctzung Administration &amp; Buchhaltung: Julien Friderici und Marie-Paule Bugnon<br>&nbsp;<\/p>\n\n\n\n<h4 class=\"wp-block-heading\">Bar und Foodtrucks&nbsp;<\/h4>\n\n\n\n<p>Task Force &#8211; Tatomir<\/p>\n","protected":false},"excerpt":{"rendered":"<p>Verein&nbsp; Vorstand von &#8222;Label Suisse pour la mise en valeur des musiques suisses&#8220;&nbsp; Pr\u00e4sident: Laurent Maire Vizepr\u00e4sident: Thierry Wegm\u00fcller&nbsp; Mitglieder: Albane Schlechten (Fondation CMA), Alexandra Duvanel, Laurence Vinclair, Nicolae Schiau (RTS), Tom Guex (Ville de Lausanne) Verwaltung D\u00e9sir\u00e9e Domig&nbsp; Programmteam&nbsp; Aktuelle Musik: Ma\u00ef Kolly Jazz: Julien Feltin&nbsp; Classik: Kevin Juillerat Neue Volksmusik: Johannes R\u00fchl&nbsp; Produktion&nbsp; [&hellip;]<\/p>\n","protected":false},"author":1,"featured_media":0,"parent":0,"menu_order":30,"comment_status":"closed","ping_status":"closed","template":"","meta":{"_acf_changed":false,"footnotes":""},"class_list":["post-300","page","type-page","status-publish","hentry"],"acf":[],"_links":{"self":[{"href":"https:\/\/labelsuisse.ch\/archive\/2024\/de\/wp-json\/wp\/v2\/pages\/300","targetHints":{"allow":["GET"]}}],"collection":[{"href":"https:\/\/labelsuisse.ch\/archive\/2024\/de\/wp-json\/wp\/v2\/pages"}],"about":[{"href":"https:\/\/labelsuisse.ch\/archive\/2024\/de\/wp-json\/wp\/v2\/types\/page"}],"author":[{"embeddable":true,"href":"https:\/\/labelsuisse.ch\/archive\/2024\/de\/wp-json\/wp\/v2\/users\/1"}],"replies":[{"embeddable":true,"href":"https:\/\/labelsuisse.ch\/archive\/2024\/de\/wp-json\/wp\/v2\/comments?post=300"}],"version-history":[{"count":5,"href":"https:\/\/labelsuisse.ch\/archive\/2024\/de\/wp-json\/wp\/v2\/pages\/300\/revisions"}],"predecessor-version":[{"id":1308,"href":"https:\/\/labelsuisse.ch\/archive\/2024\/de\/wp-json\/wp\/v2\/pages\/300\/revisions\/1308"}],"wp:attachment":[{"href":"https:\/\/labelsuisse.ch\/archive\/2024\/de\/wp-json\/wp\/v2\/media?parent=300"}],"curies":[{"name":"wp","href":"https:\/\/api.w.org\/{rel}","templated":true}]}}