{"id":663,"date":"2024-05-11T16:59:32","date_gmt":"2024-05-11T14:59:32","guid":{"rendered":"https:\/\/labelsuisse.ch\/?page_id=663"},"modified":"2024-05-14T10:55:22","modified_gmt":"2024-05-14T08:55:22","slug":"orte-und-anfahrt","status":"publish","type":"page","link":"https:\/\/labelsuisse.ch\/archive\/2024\/de\/orte-und-anfahrt\/","title":{"rendered":"Orte und Anfahrt"},"content":{"rendered":"\n<h1 class=\"wp-block-heading has-text-align-center\">Orte und Anfahrt<\/h1>\n\n\n<div class=\"block block-venue\">\n  <div class=\"container mb-3\">\n    <div class=\"row\">\n              <div class=\"col-12 col-sm-6 col-md-4 mb-3\">\n          <div class=\"d-flex h-100 flex-column\">\n\n            <div class=\"ratio ratio-16x9 mb-2\">\n              <img decoding=\"async\" width=\"1200\" height=\"675\" src=\"https:\/\/labelsuisse.ch\/archive\/2024\/wp-content\/uploads\/2024\/04\/Casino-Montbenon-\u00a9-mano-1166.webp\" class=\"img-cover\" alt=\"\" srcset=\"https:\/\/labelsuisse.ch\/archive\/2024\/wp-content\/uploads\/2024\/04\/Casino-Montbenon-\u00a9-mano-1166.webp 1200w, https:\/\/labelsuisse.ch\/archive\/2024\/wp-content\/uploads\/2024\/04\/Casino-Montbenon-\u00a9-mano-1166-366x206.webp 366w, https:\/\/labelsuisse.ch\/archive\/2024\/wp-content\/uploads\/2024\/04\/Casino-Montbenon-\u00a9-mano-1166-548x308.webp 548w\" sizes=\"(max-width: 1200px) 100vw, 1200px\" \/>            <\/div>\n\n            <p>\n              <span class=\"h5 mb-0\">Casino de Montbenon<\/span>\n                              <br>Saal Paderewski                          <\/p>\n\n                          <p>Das Casino von Montbenon wurde 1908 vom Architekten Henry Meyer erbaut. Im Verlaufe der Renovierung im Jahre 1980 wurde der Konzertsaal komplett umgestaltet und mit 482 St\u00fchlen als Trib\u00fcne ausgestattet. Dank seiner ausgezeichneten Akustik spielen heute im Saal Paderewski sowohl Symphonieorchester wie auch kleinere Formationen der klassischen oder jazz Musik.<\/p>\n<p><a href=\"https:\/\/www.lausanne.ch\/vie-pratique\/loisirs\/salles-et-refuges\/casino-montbenon.html\" target=\"_blank\" rel=\"noopener\">\u00dcber das Casino de Montbenon<\/a><\/p>\n            \n            <div class=\"mt-auto\">\n              <hr class=\"col-8\">\n              <p>\n                All. Ernest-Ansermet 3<br>1003 Lausanne                                  <br><i class=\"bi bi-geo-alt\"><\/i> <a href=\"https:\/\/maps.app.goo.gl\/dN93NL3wZRQJ3sUM6\" target=\"_blank\">Google Maps<\/a>\n                \n                                  <br><i class=\"bi bi-bus-front\"><\/i> <a class=\"popover-link\" tabindex=\"0\" role=\"button\" data-bs-trigger=\"focus\" data-bs-toggle=\"popover\" data-bs-content=\"&lt;p&gt;Metro: m1 \u2013 Halt Vigie \/ m2 \u2013 Halt Lausanne-Flon&lt;br \/&gt;\nTl: Linie 3, 6, 20, 21 \u2013 Halt C\u00e9cil \/ Linie 13 \u2013 Halt Montbenon&lt;br \/&gt;\nLEB: Halt Lausanne-Flon oder Chauderon&lt;\/p&gt;\n\">Transport<\/a>\n                              <\/p>\n            <\/div>\n\n\n          <\/div>\n        <\/div>\n              <div class=\"col-12 col-sm-6 col-md-4 mb-3\">\n          <div class=\"d-flex h-100 flex-column\">\n\n            <div class=\"ratio ratio-16x9 mb-2\">\n              <img decoding=\"async\" width=\"1200\" height=\"800\" src=\"https:\/\/labelsuisse.ch\/archive\/2024\/wp-content\/uploads\/2024\/04\/DClub-credits-Anne-Bichsel.webp\" class=\"img-cover\" alt=\"\" srcset=\"https:\/\/labelsuisse.ch\/archive\/2024\/wp-content\/uploads\/2024\/04\/DClub-credits-Anne-Bichsel.webp 1200w, https:\/\/labelsuisse.ch\/archive\/2024\/wp-content\/uploads\/2024\/04\/DClub-credits-Anne-Bichsel-309x206.webp 309w, https:\/\/labelsuisse.ch\/archive\/2024\/wp-content\/uploads\/2024\/04\/DClub-credits-Anne-Bichsel-462x308.webp 462w, https:\/\/labelsuisse.ch\/archive\/2024\/wp-content\/uploads\/2024\/04\/DClub-credits-Anne-Bichsel-1013x675.webp 1013w\" sizes=\"(max-width: 1200px) 100vw, 1200px\" \/>            <\/div>\n\n            <p>\n              <span class=\"h5 mb-0\">D! Club<\/span>\n                          <\/p>\n\n                          <p>Damals war es das erste Theater der Romandie, sp\u00e4ter konvertierte es zu einem Kino und dann zu einem Klub. Der D!Club er\u00f6ffnete im Oktober 1996. Sein Programm f\u00fchrt die bekanntesten Namen der Elektromusik sowie legend\u00e4re Hip-Hop Abende, Konzerte aller Genres sowie Comedians. \u00dcber die Jahre wurde der D!Club zur Referenz. Er wurde mehrmals zum \u00abBest Big Club\u00bb bei den Swiss Nightlife Awards gek\u00fcrt und wird in den weltweiten Top 100 der International Nightlife Association gelistet (#54).<\/p>\n<p><a href=\"https:\/\/dclub.ch\/\" target=\"_blank\" rel=\"noopener\">www.dclub.ch<\/a><\/p>\n            \n            <div class=\"mt-auto\">\n              <hr class=\"col-8\">\n              <p>\n                Place Centrale 1<br>1001 Lausanne                                  <br><i class=\"bi bi-geo-alt\"><\/i> <a href=\"https:\/\/maps.app.goo.gl\/r91nYiTVZqmFESYw5\" target=\"_blank\">Google Maps<\/a>\n                \n                                  <br><i class=\"bi bi-bus-front\"><\/i> <a class=\"popover-link\" tabindex=\"0\" role=\"button\" data-bs-trigger=\"focus\" data-bs-toggle=\"popover\" data-bs-content=\"&lt;p&gt;Metro: m1 \/ m2 \u2013 Halt Lausanne-Flon&lt;br \/&gt;\nLEB: Halt Lausanne-Flon&lt;\/p&gt;\n\">Transport<\/a>\n                              <\/p>\n            <\/div>\n\n\n          <\/div>\n        <\/div>\n              <div class=\"col-12 col-sm-6 col-md-4 mb-3\">\n          <div class=\"d-flex h-100 flex-column\">\n\n            <div class=\"ratio ratio-16x9 mb-2\">\n              <img decoding=\"async\" width=\"1425\" height=\"855\" src=\"https:\/\/labelsuisse.ch\/archive\/2024\/wp-content\/uploads\/2024\/04\/Cave-du-Bleu-1425x855.jpg\" class=\"img-cover\" alt=\"\" srcset=\"https:\/\/labelsuisse.ch\/archive\/2024\/wp-content\/uploads\/2024\/04\/Cave-du-Bleu-1425x855.jpg 1425w, https:\/\/labelsuisse.ch\/archive\/2024\/wp-content\/uploads\/2024\/04\/Cave-du-Bleu-343x206.jpg 343w, https:\/\/labelsuisse.ch\/archive\/2024\/wp-content\/uploads\/2024\/04\/Cave-du-Bleu-513x308.jpg 513w, https:\/\/labelsuisse.ch\/archive\/2024\/wp-content\/uploads\/2024\/04\/Cave-du-Bleu-1125x675.jpg 1125w, https:\/\/labelsuisse.ch\/archive\/2024\/wp-content\/uploads\/2024\/04\/Cave-du-Bleu-1710x1026.jpg 1710w\" sizes=\"(max-width: 1425px) 100vw, 1425px\" \/>            <\/div>\n\n            <p>\n              <span class=\"h5 mb-0\">La Cave du Bleu L\u00e9zard<\/span>\n                          <\/p>\n\n                          <p>Der Cave du Bleu L\u00e9zard bietet einen intimen Rahmen, gepr\u00e4gt von Emotionen und Geschichte, der jeden Besucher und jede Besucherin verf\u00fchrt. In der entspannten Atmosph\u00e4re macht der Alltag einer festlichen Stimmung und unvergesslichen Emotionen Platz. Dieser emblematische Ort hat schon weltber\u00fchmte Musikerinnen und Musiker willkommen geheissen (Asaf Avidan, Eddy de Pretto, Selah Sue, Julia Stones, etc.). Alle echten Lausannerinnen und Lausanner haben mindestens eine Geschichte aus dem Cave du Bleu L\u00e9zard zu erz\u00e4hlen.<\/p>\n<p><a href=\"https:\/\/bleu-lezard.ch\/la-cave\/\" target=\"_blank\" rel=\"noopener\">www.bleu-lezard.ch\/la-cave<\/a><\/p>\n            \n            <div class=\"mt-auto\">\n              <hr class=\"col-8\">\n              <p>\n                Rue Enning 10<br>1003 Lausanne                                  <br><i class=\"bi bi-geo-alt\"><\/i> <a href=\"https:\/\/maps.app.goo.gl\/6HzasyNXuNGXnL8d7\" target=\"_blank\">Google Maps<\/a>\n                \n                                  <br><i class=\"bi bi-bus-front\"><\/i> <a class=\"popover-link\" tabindex=\"0\" role=\"button\" data-bs-trigger=\"focus\" data-bs-toggle=\"popover\" data-bs-content=\"&lt;p&gt;Metro: m2 \u2013 Halt Bessi\u00e8re&lt;br \/&gt;\nTl: Linie 6 \u2013 Halt Bessi\u00e8re \/ Linie 13 \u2013 Halt Benjamin-Constant&lt;\/p&gt;\n\">Transport<\/a>\n                              <\/p>\n            <\/div>\n\n\n          <\/div>\n        <\/div>\n              <div class=\"col-12 col-sm-6 col-md-4 mb-3\">\n          <div class=\"d-flex h-100 flex-column\">\n\n            <div class=\"ratio ratio-16x9 mb-2\">\n              <img decoding=\"async\" width=\"550\" height=\"550\" src=\"https:\/\/labelsuisse.ch\/archive\/2024\/wp-content\/uploads\/2024\/04\/La-Datcha.jpg\" class=\"img-cover\" alt=\"\" srcset=\"https:\/\/labelsuisse.ch\/archive\/2024\/wp-content\/uploads\/2024\/04\/La-Datcha.jpg 550w, https:\/\/labelsuisse.ch\/archive\/2024\/wp-content\/uploads\/2024\/04\/La-Datcha-150x150.jpg 150w, https:\/\/labelsuisse.ch\/archive\/2024\/wp-content\/uploads\/2024\/04\/La-Datcha-206x206.jpg 206w, https:\/\/labelsuisse.ch\/archive\/2024\/wp-content\/uploads\/2024\/04\/La-Datcha-308x308.jpg 308w\" sizes=\"(max-width: 550px) 100vw, 550px\" \/>            <\/div>\n\n            <p>\n              <span class=\"h5 mb-0\">La Datcha<\/span>\n                          <\/p>\n\n                          <p>La Datcha entstand im Jahr 2011 im Herzen von Lausanne als Ort des Austausches zwischen K\u00fcnstlern und Publikum. Diese nach Herzenslust ausgew\u00e4hlten, intimen Begegnungen nehmen verschiedene Formen an: Konzerte, Vernissagen oder Ausstellungen.<\/p>\n<p><a href=\"https:\/\/la-datcha.ch\/\" target=\"_blank\" rel=\"noopener\">www.la-datcha.ch<\/a><\/p>\n            \n            <div class=\"mt-auto\">\n              <hr class=\"col-8\">\n              <p>\n                Rue des C\u00f4tes-de-Montbenon 13<br>1003 Lausanne                                  <br><i class=\"bi bi-geo-alt\"><\/i> <a href=\"https:\/\/maps.app.goo.gl\/cuaGi68NVwMh8ogB9\" target=\"_blank\">Google Maps<\/a>\n                \n                                  <br><i class=\"bi bi-bus-front\"><\/i> <a class=\"popover-link\" tabindex=\"0\" role=\"button\" data-bs-trigger=\"focus\" data-bs-toggle=\"popover\" data-bs-content=\"&lt;p&gt;Metro: m1 \u2013 Halt Vigie \/ m2 \u2013 Halt Lausanne-Flon&lt;br \/&gt;\nTl: Linie 13 \u2013 Halt Montbenon&lt;br \/&gt;\nLEB: Halt Lausanne-Flon oder Chauderon&lt;\/p&gt;\n\">Transport<\/a>\n                              <\/p>\n            <\/div>\n\n\n          <\/div>\n        <\/div>\n              <div class=\"col-12 col-sm-6 col-md-4 mb-3\">\n          <div class=\"d-flex h-100 flex-column\">\n\n            <div class=\"ratio ratio-16x9 mb-2\">\n              <img decoding=\"async\" width=\"1140\" height=\"855\" src=\"https:\/\/labelsuisse.ch\/archive\/2024\/wp-content\/uploads\/2024\/04\/Les-Docks-1140x855.webp\" class=\"img-cover\" alt=\"\" srcset=\"https:\/\/labelsuisse.ch\/archive\/2024\/wp-content\/uploads\/2024\/04\/Les-Docks-1140x855.webp 1140w, https:\/\/labelsuisse.ch\/archive\/2024\/wp-content\/uploads\/2024\/04\/Les-Docks-275x206.webp 275w, https:\/\/labelsuisse.ch\/archive\/2024\/wp-content\/uploads\/2024\/04\/Les-Docks-411x308.webp 411w, https:\/\/labelsuisse.ch\/archive\/2024\/wp-content\/uploads\/2024\/04\/Les-Docks-900x675.webp 900w, https:\/\/labelsuisse.ch\/archive\/2024\/wp-content\/uploads\/2024\/04\/Les-Docks.webp 1200w\" sizes=\"(max-width: 1140px) 100vw, 1140px\" \/>            <\/div>\n\n            <p>\n              <span class=\"h5 mb-0\">Les Docks<\/span>\n                          <\/p>\n\n                          <p>Nur wenige Schritte vom Flon entfernt liegt das Quartier S\u00e9velin, dessen B\u00fchne sich der modernen Musik widmet. Mit einem anerkannten Programm, einem geselligen Stimmung, einer gesch\u00e4tzten N\u00e4he zwischen Publikum und K\u00fcnstlern belegen Les Docks seit bald 20 Jahren einen festen Platz in der Schweizer Musikszene.<\/p>\n<p><a href=\"https:\/\/www.docks.ch\/\" target=\"_blank\" rel=\"noopener\">www.docks.ch<\/a><\/p>\n            \n            <div class=\"mt-auto\">\n              <hr class=\"col-8\">\n              <p>\n                Avenue de Se\u0301velin 34<br>1004 Lausanne                                  <br><i class=\"bi bi-geo-alt\"><\/i> <a href=\"Avenue de Se\u0301velin 34\" target=\"_blank\">Google Maps<\/a>\n                \n                                  <br><i class=\"bi bi-bus-front\"><\/i> <a class=\"popover-link\" tabindex=\"0\" role=\"button\" data-bs-trigger=\"focus\" data-bs-toggle=\"popover\" data-bs-content=\"&lt;p&gt;Metro: m1 \u2013 Halt Vigie oder Montelly&lt;br \/&gt;\nTl: Linie 16 \u2013 Halt Belv\u00e9d\u00e8re \/ Linie 17 \u2013 Halt EPSIC&lt;br \/&gt;\nLEB: Halt Lausanne-Flon&lt;\/p&gt;\n\">Transport<\/a>\n                              <\/p>\n            <\/div>\n\n\n          <\/div>\n        <\/div>\n              <div class=\"col-12 col-sm-6 col-md-4 mb-3\">\n          <div class=\"d-flex h-100 flex-column\">\n\n            <div class=\"ratio ratio-16x9 mb-2\">\n              <img decoding=\"async\" width=\"1069\" height=\"855\" src=\"https:\/\/labelsuisse.ch\/archive\/2024\/wp-content\/uploads\/2024\/05\/Ferme-des-tilleuls-credits-Matthieu-Gafsou-1069x855.webp\" class=\"img-cover\" alt=\"\" srcset=\"https:\/\/labelsuisse.ch\/archive\/2024\/wp-content\/uploads\/2024\/05\/Ferme-des-tilleuls-credits-Matthieu-Gafsou-1069x855.webp 1069w, https:\/\/labelsuisse.ch\/archive\/2024\/wp-content\/uploads\/2024\/05\/Ferme-des-tilleuls-credits-Matthieu-Gafsou-258x206.webp 258w, https:\/\/labelsuisse.ch\/archive\/2024\/wp-content\/uploads\/2024\/05\/Ferme-des-tilleuls-credits-Matthieu-Gafsou-385x308.webp 385w, https:\/\/labelsuisse.ch\/archive\/2024\/wp-content\/uploads\/2024\/05\/Ferme-des-tilleuls-credits-Matthieu-Gafsou-844x675.webp 844w, https:\/\/labelsuisse.ch\/archive\/2024\/wp-content\/uploads\/2024\/05\/Ferme-des-tilleuls-credits-Matthieu-Gafsou.webp 1200w\" sizes=\"(max-width: 1069px) 100vw, 1069px\" \/>            <\/div>\n\n            <p>\n              <span class=\"h5 mb-0\">La Ferme des Tilleuls<\/span>\n                          <\/p>\n\n                          <p><span style=\"font-weight: 400;\">Die Ferme des Tilleuls und sein Caf\u00e9 Restaurant bilden eine gr\u00fcne Oase in Renens, dem Herzen von Lausanne-West. Sie organisieren Ausstellungen, Konzerte, Filmvorf\u00fchrungen, wissenschaftliche Treffen, Lesungen, Kunstateliers und K\u00fcnstlerresidenzen. Das \u00fcppige und multidisziplin\u00e4re Programm ist f\u00fcr alle zug\u00e4nglich.<\/span><\/p>\n<p><a href=\"https:\/\/fermedestilleuls.ch\/\" target=\"_blank\" rel=\"noopener\">fermedestilleuls.ch<\/a><\/p>\n            \n            <div class=\"mt-auto\">\n              <hr class=\"col-8\">\n              <p>\n                Rue de Lausanne 52<br>1020 Renens                                  <br><i class=\"bi bi-geo-alt\"><\/i> <a href=\"https:\/\/maps.app.goo.gl\/GAXxbvjTLwpEDMc58\" target=\"_blank\">Google Maps<\/a>\n                \n                                  <br><i class=\"bi bi-bus-front\"><\/i> <a class=\"popover-link\" tabindex=\"0\" role=\"button\" data-bs-trigger=\"focus\" data-bs-toggle=\"popover\" data-bs-content=\"&lt;p&gt;Tl: Linie 17, 19 &amp;#8211; Halt Renens Village&lt;\/p&gt;\n\">Transport<\/a>\n                              <\/p>\n            <\/div>\n\n\n          <\/div>\n        <\/div>\n              <div class=\"col-12 col-sm-6 col-md-4 mb-3\">\n          <div class=\"d-flex h-100 flex-column\">\n\n            <div class=\"ratio ratio-16x9 mb-2\">\n              <img decoding=\"async\" width=\"1140\" height=\"855\" src=\"https:\/\/labelsuisse.ch\/archive\/2024\/wp-content\/uploads\/2024\/04\/017_JUMEAUX_LR-1140x855.jpg\" class=\"img-cover\" alt=\"Les Jumeaux Jazz Club\" srcset=\"https:\/\/labelsuisse.ch\/archive\/2024\/wp-content\/uploads\/2024\/04\/017_JUMEAUX_LR-1140x855.jpg 1140w, https:\/\/labelsuisse.ch\/archive\/2024\/wp-content\/uploads\/2024\/04\/017_JUMEAUX_LR-275x206.jpg 275w, https:\/\/labelsuisse.ch\/archive\/2024\/wp-content\/uploads\/2024\/04\/017_JUMEAUX_LR-411x308.jpg 411w, https:\/\/labelsuisse.ch\/archive\/2024\/wp-content\/uploads\/2024\/04\/017_JUMEAUX_LR-900x675.jpg 900w, https:\/\/labelsuisse.ch\/archive\/2024\/wp-content\/uploads\/2024\/04\/017_JUMEAUX_LR-1368x1026.jpg 1368w, https:\/\/labelsuisse.ch\/archive\/2024\/wp-content\/uploads\/2024\/04\/017_JUMEAUX_LR-1799x1350.jpg 1799w\" sizes=\"(max-width: 1140px) 100vw, 1140px\" \/>            <\/div>\n\n            <p>\n              <span class=\"h5 mb-0\">Jumeaux Jazz Club<\/span>\n                          <\/p>\n\n                          <p>Der Club des Jumeaux ist der Neuling in der Waadtl\u00e4nder Hauptstadt und z\u00e4hlt erstmals zu den Partnerlokalen von Label Suisse. Der neue \u00abplace to be\u00bb \u00f6ffnete seine Tore im Januar 2024 im Herzen des Flons und bietet 300 Pl\u00e4tze, dem innovativen und gemischten Jazz sowie der Weltmusik gewidmet.<\/p>\n<p><a href=\"https:\/\/www.jumeaux.club\/\" target=\"_blank\" rel=\"noopener\">www.jumeaux.club<\/a><\/p>\n            \n            <div class=\"mt-auto\">\n              <hr class=\"col-8\">\n              <p>\n                Rue de Gen\u00e8ve 19<br>1003 Lausanne                                  <br><i class=\"bi bi-geo-alt\"><\/i> <a href=\"https:\/\/maps.app.goo.gl\/EJBnDtYZERN5RDe19\" target=\"_blank\">Google Maps<\/a>\n                \n                                  <br><i class=\"bi bi-bus-front\"><\/i> <a class=\"popover-link\" tabindex=\"0\" role=\"button\" data-bs-trigger=\"focus\" data-bs-toggle=\"popover\" data-bs-content=\"&lt;p&gt;Metro: m1 \/ m2 \u2013 Halt Lausanne-Flon&lt;br \/&gt;\nTl: Linien 1,2,4,6,7,8,9,16,18,19 \u2013 Halt Bel-Air \/ Linie 13 \u2013 Halt Montbenon&lt;br \/&gt;\nLEB: Halt Lausanne-Flon&lt;\/p&gt;\n\">Transport<\/a>\n                              <\/p>\n            <\/div>\n\n\n          <\/div>\n        <\/div>\n              <div class=\"col-12 col-sm-6 col-md-4 mb-3\">\n          <div class=\"d-flex h-100 flex-column\">\n\n            <div class=\"ratio ratio-16x9 mb-2\">\n              <img decoding=\"async\" width=\"1340\" height=\"855\" src=\"https:\/\/labelsuisse.ch\/archive\/2024\/wp-content\/uploads\/2024\/04\/Eglise-Saint-Francois-credits-Gregoire_Fillion-min-1340x855.jpg\" class=\"img-cover\" alt=\"\" srcset=\"https:\/\/labelsuisse.ch\/archive\/2024\/wp-content\/uploads\/2024\/04\/Eglise-Saint-Francois-credits-Gregoire_Fillion-min-1340x855.jpg 1340w, https:\/\/labelsuisse.ch\/archive\/2024\/wp-content\/uploads\/2024\/04\/Eglise-Saint-Francois-credits-Gregoire_Fillion-min-323x206.jpg 323w, https:\/\/labelsuisse.ch\/archive\/2024\/wp-content\/uploads\/2024\/04\/Eglise-Saint-Francois-credits-Gregoire_Fillion-min-483x308.jpg 483w, https:\/\/labelsuisse.ch\/archive\/2024\/wp-content\/uploads\/2024\/04\/Eglise-Saint-Francois-credits-Gregoire_Fillion-min-1058x675.jpg 1058w, https:\/\/labelsuisse.ch\/archive\/2024\/wp-content\/uploads\/2024\/04\/Eglise-Saint-Francois-credits-Gregoire_Fillion-min-1608x1026.jpg 1608w\" sizes=\"(max-width: 1340px) 100vw, 1340px\" \/>            <\/div>\n\n            <p>\n              <span class=\"h5 mb-0\">Kirche Saint-Fran\u00e7ois<\/span>\n                          <\/p>\n\n                          <p>Seit 2011 ist der Kirche Saint-Fran\u00e7ois der Name \u00abL\u2019esprit sainf\u00bb gegeben. Von der Evangelisch-reformierten Kirche des Kantons Waadt (EERV) ins Leben gerufen verfolgt er zwei Achsen: eine kultische und eine im Dialog mit der Kultur und der zeitgen\u00f6ssischen Kunst. In der Kirche Saint-Fran\u00e7ois n\u00e4hren sich Theologie und Kultur gegenseitig das ganze Jahr \u00fcber. Die Musik ist auch Teil der Belebung des Ortes, ausserhalb der musikalischen Kapellen, im Rahmen von Konzertreihen klassischer und moderner Musik, Jazz und Weltmusik.<\/p>\n<p><a href=\"https:\/\/www.sainf.ch\/\" target=\"_blank\" rel=\"noopener\">www.sainf.ch<\/a><\/p>\n            \n            <div class=\"mt-auto\">\n              <hr class=\"col-8\">\n              <p>\n                Place Saint-Franc\u0327ois<br>1001 Lausanne                                  <br><i class=\"bi bi-geo-alt\"><\/i> <a href=\"https:\/\/maps.app.goo.gl\/xk7HSTNPmnjz3kNeA\" target=\"_blank\">Google Maps<\/a>\n                \n                                  <br><i class=\"bi bi-bus-front\"><\/i> <a class=\"popover-link\" tabindex=\"0\" role=\"button\" data-bs-trigger=\"focus\" data-bs-toggle=\"popover\" data-bs-content=\"&lt;p&gt;Metro: m1 \/ m2 \u2013 Halt Lausanne-Flon&lt;br \/&gt;\nTl: Linie 1,2,4,6,8,9,13 \u2013 Halt Saint-Fran\u00e7ois&lt;br \/&gt;\nLEB: Halt Lausanne-Flon&lt;\/p&gt;\n\">Transport<\/a>\n                              <\/p>\n            <\/div>\n\n\n          <\/div>\n        <\/div>\n              <div class=\"col-12 col-sm-6 col-md-4 mb-3\">\n          <div class=\"d-flex h-100 flex-column\">\n\n            <div class=\"ratio ratio-16x9 mb-2\">\n              <img decoding=\"async\" width=\"1200\" height=\"800\" src=\"https:\/\/labelsuisse.ch\/archive\/2024\/wp-content\/uploads\/2024\/04\/Place-des-pionnieres-credits-Anne-Bichsel.webp\" class=\"img-cover\" alt=\"\" srcset=\"https:\/\/labelsuisse.ch\/archive\/2024\/wp-content\/uploads\/2024\/04\/Place-des-pionnieres-credits-Anne-Bichsel.webp 1200w, https:\/\/labelsuisse.ch\/archive\/2024\/wp-content\/uploads\/2024\/04\/Place-des-pionnieres-credits-Anne-Bichsel-309x206.webp 309w, https:\/\/labelsuisse.ch\/archive\/2024\/wp-content\/uploads\/2024\/04\/Place-des-pionnieres-credits-Anne-Bichsel-462x308.webp 462w, https:\/\/labelsuisse.ch\/archive\/2024\/wp-content\/uploads\/2024\/04\/Place-des-pionnieres-credits-Anne-Bichsel-1013x675.webp 1013w\" sizes=\"(max-width: 1200px) 100vw, 1200px\" \/>            <\/div>\n\n            <p>\n              <span class=\"h5 mb-0\">Place des Pionni\u00e8res<\/span>\n                          <\/p>\n\n                          <p>Das Flaggschiff der Label Suisse B\u00fchnen ist die grosse Open Air B\u00fchne f\u00fcr bis zu 4000 Zuschauer am Place des Pionni\u00e8res \u2013 ehemals Place Centrale \u2013 im Herzen von Lausanne.<\/p>\n            \n            <div class=\"mt-auto\">\n              <hr class=\"col-8\">\n              <p>\n                Place des Pionni\u00e8res<br>1003 Lausanne                                  <br><i class=\"bi bi-geo-alt\"><\/i> <a href=\"https:\/\/maps.app.goo.gl\/qaZVeJ5KtsUnhM8K8\" target=\"_blank\">Google Maps<\/a>\n                \n                                  <br><i class=\"bi bi-bus-front\"><\/i> <a class=\"popover-link\" tabindex=\"0\" role=\"button\" data-bs-trigger=\"focus\" data-bs-toggle=\"popover\" data-bs-content=\"&lt;p&gt;Metro: m1 \/ m2 \u2013 Halt Lausanne-Flon&lt;br \/&gt;\nLEB: Halt Lausanne-Flon&lt;\/p&gt;\n\">Transport<\/a>\n                              <\/p>\n            <\/div>\n\n\n          <\/div>\n        <\/div>\n          <\/div>\n  <\/div>\n<\/div>\n\n\n<div style=\"height:43px\" aria-hidden=\"true\" class=\"wp-block-spacer\"><\/div>\n\n\n\n<h4 class=\"wp-block-heading\">Zufahrt<\/h4>\n\n\n\n<h5 class=\"wp-block-heading\">Per Bus, Metro und LEB mit den tl \u2013 transports publics lausannois<\/h5>\n\n\n\n<p>Label Suisse f\u00f6rdert die sanfte Mobilit\u00e4t und die \u00f6ffentlichen Verkehrsmittel. Konsultieren Sie die Fahrpl\u00e4ne in Echtzeit und kaufen Sie Ihre Fahrkarten direkt \u00fcber die App tl im <a href=\"https:\/\/apps.apple.com\/ch\/app\/tl\/id1470402943?l=de\">App Store<\/a> oder auf <a href=\"https:\/\/play.google.com\/store\/apps\/details?id=ch.tl.tl&amp;hl=de_CH&amp;gl=US&amp;pli=1\">Google Play<\/a>.<\/p>\n\n\n\n<p>Die Fahrpl\u00e4ne der tl finden Sie auch auf <a href=\"http:\/\/www.t-l.ch\/\">www.t-l.ch<\/a><\/p>\n\n\n\n<h5 class=\"wp-block-heading\">Per PostAuto<\/h5>\n\n\n\n<p>F\u00fcr Zonen ausserhalb der Region Lausanne finden Sie die Fahrpl\u00e4ne der PostAuto-Linien und die n\u00e4chstgelegenen Haltestellen \u00fcber die App PubliCar im <a href=\"https:\/\/apps.apple.com\/ch\/app\/publicar\/id1482761147?l=de\">App Store<\/a> oder auf <a href=\"about:blank\">Google Play<\/a>.<\/p>\n\n\n\n<p>Die Fahrpl\u00e4ne der PostAutos finden Sie auf <a href=\"https:\/\/www.postauto.ch\/de\/fahrplan-und-netz\/fahrplan-und-ticketkauf\">www.postauto.ch<\/a><\/p>\n\n\n\n<h5 class=\"wp-block-heading\">N\u00e4chtliches Netzwerk &#8211; tl<\/h5>\n\n\n\n<p>An den Abenden der Wochenenden (N\u00e4chte von Freitag auf Samstag, von Samstag auf Sonntag und an Vorabenden eines Feiertages) begleitet Sie tl auf den Linien N1, N2, N3, N4, N5, N6 zwischen\u00a000.40 Uhr und 5.00 Uhr. Fahrpl\u00e4ne und Strecken auf der <a href=\"https:\/\/www.t-l.ch\/en\/travel\/timetables\/night-network\/\">offiziellen Seite der tl<\/a>.<\/p>\n","protected":false},"excerpt":{"rendered":"<p>Orte und Anfahrt Zufahrt Per Bus, Metro und LEB mit den tl \u2013 transports publics lausannois Label Suisse f\u00f6rdert die sanfte Mobilit\u00e4t und die \u00f6ffentlichen Verkehrsmittel. Konsultieren Sie die Fahrpl\u00e4ne in Echtzeit und kaufen Sie Ihre Fahrkarten direkt \u00fcber die App tl im App Store oder auf Google Play. Die Fahrpl\u00e4ne der tl finden Sie [&hellip;]<\/p>\n","protected":false},"author":1,"featured_media":0,"parent":0,"menu_order":0,"comment_status":"closed","ping_status":"closed","template":"","meta":{"_acf_changed":false,"footnotes":""},"class_list":["post-663","page","type-page","status-publish","hentry"],"acf":[],"_links":{"self":[{"href":"https:\/\/labelsuisse.ch\/archive\/2024\/de\/wp-json\/wp\/v2\/pages\/663","targetHints":{"allow":["GET"]}}],"collection":[{"href":"https:\/\/labelsuisse.ch\/archive\/2024\/de\/wp-json\/wp\/v2\/pages"}],"about":[{"href":"https:\/\/labelsuisse.ch\/archive\/2024\/de\/wp-json\/wp\/v2\/types\/page"}],"author":[{"embeddable":true,"href":"https:\/\/labelsuisse.ch\/archive\/2024\/de\/wp-json\/wp\/v2\/users\/1"}],"replies":[{"embeddable":true,"href":"https:\/\/labelsuisse.ch\/archive\/2024\/de\/wp-json\/wp\/v2\/comments?post=663"}],"version-history":[{"count":4,"href":"https:\/\/labelsuisse.ch\/archive\/2024\/de\/wp-json\/wp\/v2\/pages\/663\/revisions"}],"predecessor-version":[{"id":702,"href":"https:\/\/labelsuisse.ch\/archive\/2024\/de\/wp-json\/wp\/v2\/pages\/663\/revisions\/702"}],"wp:attachment":[{"href":"https:\/\/labelsuisse.ch\/archive\/2024\/de\/wp-json\/wp\/v2\/media?parent=663"}],"curies":[{"name":"wp","href":"https:\/\/api.w.org\/{rel}","templated":true}]}}