{"id":680,"date":"2024-05-13T09:45:33","date_gmt":"2024-05-13T07:45:33","guid":{"rendered":"https:\/\/labelsuisse.ch\/?page_id=680"},"modified":"2025-12-11T07:04:14","modified_gmt":"2025-12-11T06:04:14","slug":"willkommen","status":"publish","type":"page","link":"https:\/\/labelsuisse.ch\/archive\/2024\/de\/","title":{"rendered":"Willkommen"},"content":{"rendered":"<div id=\"block_693a5edd70f7d\" class=\"block block-article-list alignfull pt-4 pt-sm-0 pt-lg-4 px-0 article-count-6\">\n\n  <div class=\"block-article-list-title text-center pt-sm-5 font-size-lg\">\n    News  <\/div>\n\n      <div class=\"mb-3\">\n\n      <div class=\"swiper-nav\">\n        <button class=\"btn swiper-button-prev btn-link text-decoration-none my-auto\" type=\"button\">\n          <span class=\"h2 mb-0 me-5\">\u2190<\/span>\n          <span class=\"visually-hidden\">Zur\u00fcck<\/span>\n        <\/button>\n        <button class=\"btn swiper-button-next btn-link text-decoration-none my-auto\" type=\"button\">\n          <span class=\"h2 mb-0 ms-5\">\u2192<\/span>\n          <span class=\"visually-hidden\">Weiter<\/span>\n        <\/button>\n      <\/div>\n\n      <div class=\"swiper px-3 pb-3 w-100\">\n\n        <div class=\"swiper-wrapper\">\n\n          \n            <div class=\"swiper-slide col-12 col-sm-6 col-lg-4 text-center px-xxl-4\">\n\n              \n                <a href=\"https:\/\/labelsuisse.ch\/archive\/2024\/de\/foto-ausgabe-2024\/\" target=\"\" class=\"article-link\">\n                  <div class=\"display-6 mb-4\">Foto<br \/>\r\nAusgabe 2024<\/div>\n                <\/a>\n                <a href=\"https:\/\/labelsuisse.ch\/archive\/2024\/de\/foto-ausgabe-2024\/\" target=\"\" class=\"btn btn-outline-dark\">\n                  Fotos ansehen                <\/a>\n\n              \n            <\/div>\n\n          \n            <div class=\"swiper-slide col-12 col-sm-6 col-lg-4 text-center px-xxl-4\">\n\n              \n                <a href=\"https:\/\/labelsuisse.ch\/archive\/2024\/de\/programm\/\" target=\"\" class=\"article-link\">\n                  <div class=\"display-6 mb-4\">Komplettes<br \/>\r\nProgramm<\/div>\n                <\/a>\n                <a href=\"https:\/\/labelsuisse.ch\/archive\/2024\/de\/programm\/\" target=\"\" class=\"btn btn-outline-dark\">\n                  Entdecken sie das Programm                <\/a>\n\n              \n            <\/div>\n\n          \n            <div class=\"swiper-slide col-12 col-sm-6 col-lg-4 text-center px-xxl-4\">\n\n              \n                <a href=\"https:\/\/labelsuisse.ch\/archive\/2024\/de\/thematische-parcours\/\" target=\"\" class=\"article-link\">\n                  <div class=\"display-6 mb-4\">Die thematischen Parcours erkunden<\/div>\n                <\/a>\n                <a href=\"https:\/\/labelsuisse.ch\/archive\/2024\/de\/thematische-parcours\/\" target=\"\" class=\"btn btn-outline-dark\">\n                  Thematische Parcours                <\/a>\n\n              \n            <\/div>\n\n          \n            <div class=\"swiper-slide col-12 col-sm-6 col-lg-4 text-center px-xxl-4\">\n\n              \n                <a href=\"https:\/\/labelsuisse.ch\/archive\/2024\/de\/freiwillige\/\" target=\"\" class=\"article-link\">\n                  <div class=\"display-6 mb-4\">Freiwilige<br \/>\r\nhelfen<\/div>\n                <\/a>\n                <a href=\"https:\/\/labelsuisse.ch\/archive\/2024\/de\/freiwillige\/\" target=\"\" class=\"btn btn-outline-dark\">\n                  Anmeldeformular                <\/a>\n\n              \n            <\/div>\n\n          \n            <div class=\"swiper-slide col-12 col-sm-6 col-lg-4 text-center px-xxl-4\">\n\n              \n                <a href=\"https:\/\/labelsuisse.ch\/archive\/2024\/de\/ueber-uns\/\" target=\"\" class=\"article-link\">\n                  <div class=\"display-6 mb-4\">Label Suisse zelebriert alle 2 Jahre die Schweizer Musikszene in 360\u00b0<\/div>\n                <\/a>\n                <a href=\"https:\/\/labelsuisse.ch\/archive\/2024\/de\/ueber-uns\/\" target=\"\" class=\"btn btn-outline-dark\">\n                  \u00dcber uns                <\/a>\n\n              \n            <\/div>\n\n          \n            <div class=\"swiper-slide col-12 col-sm-6 col-lg-4 text-center px-xxl-4\">\n\n              \n                <a href=\"https:\/\/labelsuisse.ch\/archive\/2024\/de\/greetings-from-label-suisse\/\" target=\"\" class=\"article-link\">\n                  <div class=\"display-6 mb-4\">Das Festivalplakat der Ausgabe 2024 als Vorpremiere<\/div>\n                <\/a>\n                <a href=\"https:\/\/labelsuisse.ch\/archive\/2024\/de\/greetings-from-label-suisse\/\" target=\"\" class=\"btn btn-outline-dark\">\n                  Greetings from Label Suisse                <\/a>\n\n              \n            <\/div>\n\n          \n        <\/div>\n\n      <\/div>\n\n    <\/div>\n  \n<\/div>\n\n\n<div class=\"alignwide\">\n<div class=\"ratio ratio-16x9\">\n<iframe loading=\"lazy\" width=\"1920\" height=\"1080\" src=\"https:\/\/www.youtube.com\/embed\/YydzOsyTFlI?si=0zCuoU8Z1sufI4tw\" title=\"YouTube video player\" frameborder=\"0\" allow=\"accelerometer; autoplay; clipboard-write; encrypted-media; gyroscope; picture-in-picture; web-share\" referrerpolicy=\"strict-origin-when-cross-origin\" allowfullscreen><\/iframe>\n<\/div>\n<\/div>\n\n\n\n<div style=\"height:38px\" aria-hidden=\"true\" class=\"wp-block-spacer\"><\/div>\n\n\n\n<div class=\"wp-block-columns alignfull mb-0 overflow-hidden has-primary-background-color has-background is-layout-flex wp-container-core-columns-is-layout-9d6595d7 wp-block-columns-is-layout-flex\">\n<div class=\"wp-block-column is-layout-flow wp-block-column-is-layout-flow\">\n<div class=\"wp-block-columns alignwide mt-4 is-layout-flex wp-container-core-columns-is-layout-9d6595d7 wp-block-columns-is-layout-flex\">\n<div class=\"wp-block-column is-layout-flow wp-block-column-is-layout-flow\"><div class=\"block block block-carousel  alignfull\">\n\n  <div class=\"swiper swiper-cards swiper-3d swiper-horyzontal swiper-watch-progress\">\n    <div class=\"swiper-wrapper\">\n              <div class=\"swiper-slide\">\n\n          <figure>\n            <img decoding=\"async\" src=\"https:\/\/labelsuisse.ch\/archive\/2024\/wp-content\/uploads\/2024\/04\/label-suisse-festival-1.webp\" alt=\"\" class=\"img-fluid\">          <\/figure>\n\n        <\/div>\n\n                \n              <div class=\"swiper-slide\">\n\n          <figure>\n            <img decoding=\"async\" src=\"https:\/\/labelsuisse.ch\/archive\/2024\/wp-content\/uploads\/2024\/04\/label-suisse-festival-2.webp\" alt=\"\" class=\"img-fluid\">          <\/figure>\n\n        <\/div>\n\n                \n              <div class=\"swiper-slide\">\n\n          <figure>\n            <img decoding=\"async\" src=\"https:\/\/labelsuisse.ch\/archive\/2024\/wp-content\/uploads\/2024\/04\/label-suisse-festival-3.webp\" alt=\"\" class=\"img-fluid\">          <\/figure>\n\n        <\/div>\n\n                \n      \n      <div class=\"swiper-pagination swiper-pagination-clickable swiper-pagination-bullets swiper-pagination-horizontal\">\n                  <span class=\"swiper-pagination-bullet\" tabindex=\"0\" role=\"button\" aria-label=\"Go to slide 1\"><\/span>\n                  <span class=\"swiper-pagination-bullet\" tabindex=\"0\" role=\"button\" aria-label=\"Go to slide 2\"><\/span>\n                  <span class=\"swiper-pagination-bullet\" tabindex=\"0\" role=\"button\" aria-label=\"Go to slide 3\"><\/span>\n              <\/div>\n\n    <\/div>\n  <\/div>\n\n<\/div><\/div>\n\n\n\n<div class=\"wp-block-column d-flex is-layout-flow wp-block-column-is-layout-flow\"><div class=\"block block-accordions my-auto alignfull\">\n  <div class=\"accordion\" id=\"block_693a5edd70fc2\">\n    <div class=\"acf-innerblocks-container\">\n\n<div class=\"block block-accordion my-auto accordion-item\">\n  <div class=\"accordion-header\">\n    <button class=\"accordion-button collapsed\" type=\"button\" data-bs-toggle=\"collapse\" data-bs-target=\"#collapse-block_693a5edd70fd1\" aria-expanded=\"false\" aria-controls=\"collapse-block_693a5edd70fd1\">\n      <div class=\"h3 mb-0\">Wo?<\/div>\n    <\/button>\n  <\/div>\n  <div id=\"collapse-block_693a5edd70fd1\" class=\"accordion-collapse collapse \">\n    <div class=\"accordion-body pt-1\">\n      <div class=\"acf-innerblocks-container\">\n\n<p>Wo?<\/p>\n\n\n\n<p>Die Konzerte finden im Herzen von Lausanne statt und erobern auch in diesem Jahr die symboltr\u00e4chtigen Klubs und Konzerts\u00e4le der Waadtl\u00e4nder Hauptstadt. <a href=\"https:\/\/labelsuisse.ch\/wp-content\/uploads\/2024\/08\/20240816-LABELSUISSE-SITE-PLAN-300DPI.png\" target=\"_blank\" rel=\"noreferrer noopener\">Plan herunterladen<\/a><\/p>\n\n<\/div>\n    <\/div>\n  <\/div>\n<\/div>\n\n\n<div class=\"block block-accordion accordion-item\">\n  <div class=\"accordion-header\">\n    <button class=\"accordion-button collapsed\" type=\"button\" data-bs-toggle=\"collapse\" data-bs-target=\"#collapse-block_693a5edd70fdf\" aria-expanded=\"false\" aria-controls=\"collapse-block_693a5edd70fdf\">\n      <div class=\"h3 mb-0\">Gratis?<\/div>\n    <\/button>\n  <\/div>\n  <div id=\"collapse-block_693a5edd70fdf\" class=\"accordion-collapse collapse \">\n    <div class=\"accordion-body pt-1\">\n      <div class=\"acf-innerblocks-container\">\n\n<p>Die Veranstaltung ist 100% kostenlos, denn Label Suisse hat zur Mission, dem Publikum ein Programm mit gratis Zutritt anzubieten.<\/p>\n\n<\/div>\n    <\/div>\n  <\/div>\n<\/div>\n\n\n<div class=\"block block-accordion accordion-item\">\n  <div class=\"accordion-header\">\n    <button class=\"accordion-button collapsed\" type=\"button\" data-bs-toggle=\"collapse\" data-bs-target=\"#collapse-block_693a5edd70ff8\" aria-expanded=\"false\" aria-controls=\"collapse-block_693a5edd70ff8\">\n      <div class=\"h3 mb-0\">Anfahrt?<\/div>\n    <\/button>\n  <\/div>\n  <div id=\"collapse-block_693a5edd70ff8\" class=\"accordion-collapse collapse \">\n    <div class=\"accordion-body pt-1\">\n      <div class=\"acf-innerblocks-container\">\n\n<p>Das Festival empfiehlt die sanfte Mobilit\u00e4t und die Nutzung des \u00f6ffentlichen Verkehrs. Auf der Seite \u00abAnfahrt\u00bb gibt es weitere Infos dazu.<\/p>\n\n<\/div>\n    <\/div>\n  <\/div>\n<\/div>\n\n\n<div class=\"block block-accordion accordion-item\">\n  <div class=\"accordion-header\">\n    <button class=\"accordion-button collapsed\" type=\"button\" data-bs-toggle=\"collapse\" data-bs-target=\"#collapse-block_693a5edd71004\" aria-expanded=\"false\" aria-controls=\"collapse-block_693a5edd71004\">\n      <div class=\"h3 mb-0\">Gibt\u2019s Verpflegungsm\u00f6glichkeiten vor Ort?<\/div>\n    <\/button>\n  <\/div>\n  <div id=\"collapse-block_693a5edd71004\" class=\"accordion-collapse collapse \">\n    <div class=\"accordion-body pt-1\">\n      <div class=\"acf-innerblocks-container\">\n\n<p>Ja! Treffpunk am Place des Pionni\u00e8res vom 13. bis 15. September um unsere leckeren Essens- und Getr\u00e4nkest\u00e4nde zu entdecken.<\/p>\n\n<\/div>\n    <\/div>\n  <\/div>\n<\/div>\n<\/div>\n  <\/div>\n<\/div><\/div>\n<\/div>\n<\/div>\n<\/div>\n","protected":false},"excerpt":{"rendered":"","protected":false},"author":1,"featured_media":0,"parent":0,"menu_order":0,"comment_status":"closed","ping_status":"closed","template":"template-front-page-animated.php","meta":{"_acf_changed":false,"footnotes":""},"class_list":["post-680","page","type-page","status-publish","hentry"],"acf":[],"_links":{"self":[{"href":"https:\/\/labelsuisse.ch\/archive\/2024\/de\/wp-json\/wp\/v2\/pages\/680","targetHints":{"allow":["GET"]}}],"collection":[{"href":"https:\/\/labelsuisse.ch\/archive\/2024\/de\/wp-json\/wp\/v2\/pages"}],"about":[{"href":"https:\/\/labelsuisse.ch\/archive\/2024\/de\/wp-json\/wp\/v2\/types\/page"}],"author":[{"embeddable":true,"href":"https:\/\/labelsuisse.ch\/archive\/2024\/de\/wp-json\/wp\/v2\/users\/1"}],"replies":[{"embeddable":true,"href":"https:\/\/labelsuisse.ch\/archive\/2024\/de\/wp-json\/wp\/v2\/comments?post=680"}],"version-history":[{"count":39,"href":"https:\/\/labelsuisse.ch\/archive\/2024\/de\/wp-json\/wp\/v2\/pages\/680\/revisions"}],"predecessor-version":[{"id":1782,"href":"https:\/\/labelsuisse.ch\/archive\/2024\/de\/wp-json\/wp\/v2\/pages\/680\/revisions\/1782"}],"wp:attachment":[{"href":"https:\/\/labelsuisse.ch\/archive\/2024\/de\/wp-json\/wp\/v2\/media?parent=680"}],"curies":[{"name":"wp","href":"https:\/\/api.w.org\/{rel}","templated":true}]}}