{"id":160,"date":"2024-04-16T05:23:24","date_gmt":"2024-04-16T03:23:24","guid":{"rendered":"https:\/\/labelsuisse.ch\/?page_id=160"},"modified":"2024-10-10T11:08:33","modified_gmt":"2024-10-10T09:08:33","slug":"a-propos","status":"publish","type":"page","link":"https:\/\/labelsuisse.ch\/archive\/2024\/a-propos\/","title":{"rendered":"\u00c0 propos"},"content":{"rendered":"\n<h4 class=\"wp-block-heading\">Le festival<\/h4>\n\n\n\n<p>Biennal, en acc\u00e8s libre, urbain et populaire, Label Suisse d\u00e9die sa programmation \u00e0 la musique suisse dans toute sa diversit\u00e9 et invite les publics \u00e0 d\u00e9couvrir des artistes confirm\u00e9\u00b7e\u00b7s et des jeunes talents dans le cadre de concerts associant musiques actuelles, jazz, classique et Neue Volksmusik.&nbsp;<\/p>\n\n\n\n<p>Depuis 2004, Label Suisse f\u00e9d\u00e8re l\u2019ensemble des sc\u00e8nes qui parcourent le pays pour faire de Lausanne l\u2019\u00e9picentre de leur diversit\u00e9. Du classique au contemporain en passant par les musiques folkloriques (Neue Volksmusik), le hip hop, la pop, les nuances du rock, de l\u2019\u00e9lectronique, du jazz et de l\u2019exp\u00e9rimental, sa programmation explore les talents reconnus ou en voie de l\u2019\u00eatre, brasse les courants populaires \u00e0 ceux de niches, explore les genres dans leurs tonalit\u00e9s et entrem\u00eale ses publics pour conjuguer leurs sensibilit\u00e9s et en susciter de nouvelles.&nbsp;<br>&nbsp;<\/p>\n\n\n\n<h5 class=\"wp-block-heading\">Des concerts, mais pas que<\/h5>\n\n\n\n<p>Des performances \u00e9tendues sur un r\u00e9seau de salles et un \u00e9ventail d\u2019ateliers, de conf\u00e9rences, de march\u00e9s des labels et de tables rondes : Label Suisse ne se limite pas \u00e0 rassembler les sc\u00e8nes et leurs publics, il mobilise aussi les collectifs, professionnel\u00b7le\u00b7s, activistes, chercheur\u00b7euse\u00b7s et artistes multidisciplinaires qui gravitent autour.\u00a0<\/p>\n\n\n\n<p>Liant ainsi la musique \u00e0 ses enjeux pr\u00e9sents et futurs, incluant les expressions esth\u00e9tiques, sociales et culturelles qui la composent, il se d\u00e9finit \u00e0 la fois comme un festival de d\u00e9couvertes, un tremplin artistique et comme un espace d\u2019\u00e9changes, d\u2019explorations et d\u2019exp\u00e9rimentations. Une d\u00e9marche \u00e0 travers laquelle le festival aspire \u00e0 s\u2019\u00e9riger comme la vitrine du vivier sonore suisse et de son dynamisme.&nbsp;<\/p>\n\n\n\n<p>Depuis 2018, des projets de cr\u00e9ations in\u00e9dits viennent compl\u00e9ter la programmation. Gr\u00e2ce \u00e0 des coproductions avec d\u2019autres festivals et des partenariats avec les hautes \u00e9coles de musique de diff\u00e9rents cantons, ces projets sp\u00e9ciaux am\u00e8nent une v\u00e9ritable valeur ajout\u00e9e \u00e0 la manifestation.<br>&nbsp;<\/p>\n\n\n\n<h4 class=\"wp-block-heading\">Sa mission<\/h4>\n\n\n\n<ul class=\"wp-block-list\">\n<li>Proposer une programmation<strong> <\/strong>en libre acc\u00e8s<\/li>\n\n\n\n<li>Encourager la d\u00e9couverte et la mixit\u00e9 des publics par une programmation \u00e0 la crois\u00e9e des genres<\/li>\n\n\n\n<li>Positionner la Suisse comme un terreau culturel foisonnant et d\u00e9montrer la richesse de la sc\u00e8ne musicale helv\u00e9tique dont les artistes sont largement pl\u00e9biscit\u00e9\u00b7e\u00b7s \u00e0 l\u2019\u00e9tranger<\/li>\n\n\n\n<li>Pr\u00e9senter une photographie de la musique suisse, tel un arr\u00eat sur image de l\u2019actualit\u00e9 mettant en lumi\u00e8re les tendances et les genres populaires issus de tout le pays.<\/li>\n<\/ul>\n\n\n\n<p>&nbsp;<\/p>\n\n\n\n<h4 class=\"wp-block-heading\">Historique<\/h4>\n\n\n\n<p><strong>2004<\/strong> \u2192 Label Suisse voit le jour \u00e0 la Radio Suisse Romande (RSR) avec 1600 festivalier\u00b7\u00e8re\u00b7s&nbsp;<\/p>\n\n\n\n<p><strong>2006<\/strong> \u2192 L\u2019\u00e9dition se d\u00e9roule notamment \u00e0 l\u2019usine TRIDEL, la nouvelle usine d\u2019incin\u00e9ration de Lausanne, et r\u00e9unit 15 000 festivalier\u00b7\u00e8re\u00b7s&nbsp;<\/p>\n\n\n\n<p><strong>2008<\/strong> \u2192 Label Suisse s\u2019associe \u00e0 l\u2019inauguration du m\u00e9tro M2, le festival se d\u00e9roule le long du parcours du nouveau m\u00e9tro lausannois avec quelque 300 000 festivalier\u00b7\u00e8re\u00b7s&nbsp;&nbsp;<\/p>\n\n\n\n<p><strong>2010<\/strong> \u2192 Le festival s\u2019installe sur plusieurs places du centre-ville ainsi qu\u2019\u00e0 la Salle M\u00e9tropole, au D! Club et au Romandie et accueille 100 000 festivalier\u00b7\u00e8re\u00b7s&nbsp;&nbsp;<\/p>\n\n\n\n<p><strong>2012<\/strong> \u2192 \u00c9dition hivernale indoor qui r\u00e9unit 15 000 festivalier\u00b7\u00e8re\u00b7s dans 8 salles et lieux culturels de la Ville de Lausanne&nbsp;<\/p>\n\n\n\n<p><strong>2014<\/strong> \u2192 100 000 festivalier\u00b7\u00e8re\u00b7s ont assist\u00e9 aux 85 concerts dans 6 salles et lieux culturels lausannois&nbsp;<\/p>\n\n\n\n<p><strong>2016<\/strong> \u2192 60 000 festivalier\u00b7\u00e8re\u00b7s ont brav\u00e9 un climat pluvieux pour assister aux 80 concerts dans 9 lieux lausannois&nbsp;<\/p>\n\n\n\n<p><strong>2018<\/strong> \u2192 90 000 festivalier\u00b7\u00e8re\u00b7s, plus de 70 concerts et un genre ajout\u00e9 \u00e0 la programmation : Neue Volksmusik&nbsp;<\/p>\n\n\n\n<p><strong>2020<\/strong> \u2192 Label Suisse s&rsquo;adapte et propose une \u00e9dition en accord avec les restrictions li\u00e9es au contexte du COVID. Cette 9e \u00e9dition r\u00e9unit 12\u2019000 festivalier\u00b7\u00e8re\u00b7s au d\u00e9tour de 60 concerts qui se sont tenus dans 7 salles.<\/p>\n\n\n\n<p><strong>2022&nbsp;<\/strong>\u2192 Label Suisse f\u00eate ses 10 ans aux c\u00f4t\u00e9s de<strong> <\/strong>75&nbsp;000 festivalier\u00b7\u00e8re\u00b7s. Une \u00e9dition anniversaire qui inaugure une sc\u00e8ne d\u00e9couverte enti\u00e8rement consacr\u00e9e aux jeunes talents ainsi que le Grand March\u00e9 des Labels.<\/p>\n\n\n\n<p><strong>2024<\/strong> \u2192 Label Suisse retrouve le centre ville et voit sa grande sc\u00e8ne r\u00e9int\u00e9grer la Place des Pionni\u00e8res (anciennement Place Centrale). Le festival se cl\u00f4ture par un bilan radieux pour sa 11\u00e8me \u00e9dition qui aura r\u00e9uni quelque 60 000 festivalier\u00b7\u00e8re\u00b7s au gr\u00e9 de 66 concerts dont 3 cr\u00e9ations in\u00e9dites.<\/p>\n\n\n\n<p><\/p>\n","protected":false},"excerpt":{"rendered":"<p>Le festival Biennal, en acc\u00e8s libre, urbain et populaire, Label Suisse d\u00e9die sa programmation \u00e0 la musique suisse dans toute sa diversit\u00e9 et invite les publics \u00e0 d\u00e9couvrir des artistes confirm\u00e9\u00b7e\u00b7s et des jeunes talents dans le cadre de concerts associant musiques actuelles, jazz, classique et Neue Volksmusik.&nbsp; Depuis 2004, Label Suisse f\u00e9d\u00e8re l\u2019ensemble des [&hellip;]<\/p>\n","protected":false},"author":1,"featured_media":0,"parent":0,"menu_order":10,"comment_status":"closed","ping_status":"closed","template":"","meta":{"_acf_changed":false,"footnotes":""},"class_list":["post-160","page","type-page","status-publish","hentry"],"acf":[],"_links":{"self":[{"href":"https:\/\/labelsuisse.ch\/archive\/2024\/wp-json\/wp\/v2\/pages\/160","targetHints":{"allow":["GET"]}}],"collection":[{"href":"https:\/\/labelsuisse.ch\/archive\/2024\/wp-json\/wp\/v2\/pages"}],"about":[{"href":"https:\/\/labelsuisse.ch\/archive\/2024\/wp-json\/wp\/v2\/types\/page"}],"author":[{"embeddable":true,"href":"https:\/\/labelsuisse.ch\/archive\/2024\/wp-json\/wp\/v2\/users\/1"}],"replies":[{"embeddable":true,"href":"https:\/\/labelsuisse.ch\/archive\/2024\/wp-json\/wp\/v2\/comments?post=160"}],"version-history":[{"count":11,"href":"https:\/\/labelsuisse.ch\/archive\/2024\/wp-json\/wp\/v2\/pages\/160\/revisions"}],"predecessor-version":[{"id":1760,"href":"https:\/\/labelsuisse.ch\/archive\/2024\/wp-json\/wp\/v2\/pages\/160\/revisions\/1760"}],"wp:attachment":[{"href":"https:\/\/labelsuisse.ch\/archive\/2024\/wp-json\/wp\/v2\/media?parent=160"}],"curies":[{"name":"wp","href":"https:\/\/api.w.org\/{rel}","templated":true}]}}