{"id":182,"date":"2024-04-16T06:50:27","date_gmt":"2024-04-16T04:50:27","guid":{"rendered":"https:\/\/labelsuisse.ch\/?page_id=182"},"modified":"2025-09-24T14:04:09","modified_gmt":"2025-09-24T12:04:09","slug":"equipe","status":"publish","type":"page","link":"https:\/\/labelsuisse.ch\/archive\/2024\/equipe\/","title":{"rendered":"\u00c9quipe"},"content":{"rendered":"\n<h4 class=\"wp-block-heading\">Association&nbsp;<\/h4>\n\n\n\n<p>Comit\u00e9 de l\u2019association \u00ab Label Suisse pour la mise en valeur des musiques suisses \u00bb&nbsp;<\/p>\n\n\n\n<p>Pr\u00e9sident : Laurent Maire<\/p>\n\n\n\n<p>Membres : Albane Dunand (Fondation CMA), Nicolae Schiau (RTS), Tom Guex (Ville de Lausanne), Laurence Vinclair, Thierry Wegm\u00fcller, Roxane Fleury, Alexandre Ti\u00e8che<br><\/p>\n\n\n\n<h4 class=\"wp-block-heading\">Administration<\/h4>\n\n\n\n<p>Administration et coordination : D\u00e9sir\u00e9e Domig<\/p>\n\n\n\n<p>Assistante exploitation : Elisa Bergaz<\/p>\n\n\n\n<p>Soutien administration &amp; comptabilit\u00e9 : Julien Friderici&nbsp;et Marie-Paule Bugnon<br><\/p>\n\n\n\n<h4 class=\"wp-block-heading\">Programmation&nbsp;<\/h4>\n\n\n\n<p>Musiques actuelles : Ma\u00ef Kolly<\/p>\n\n\n\n<p>Jazz : Julien Feltin<\/p>\n\n\n\n<p>Musique classique et contemporaine : Kevin Juillerat<\/p>\n\n\n\n<p>Neue Volksmusik : Johannes R\u00fchl&nbsp;<\/p>\n\n\n\n<p>Programmateur\u00b7rice\u00b7s des after parties: Ngoc Lan et Soul Koffi (Jumeaux Jazz Club), Thierry Collado (D! Club)<br><\/p>\n\n\n\n<h4 class=\"wp-block-heading\">Production&nbsp;<\/h4>\n\n\n\n<p>Opus One&nbsp;<br><\/p>\n\n\n\n<h4 class=\"wp-block-heading\">Communication et presse<\/h4>\n\n\n\n<p>Responsable communication : Marielle Sperandio<\/p>\n\n\n\n<p>Assistant communication : Christophe Jornod<\/p>\n\n\n\n<p>Responsable relations presse : Michel May&nbsp;<\/p>\n\n\n\n<p>Graphisme : Studio BAD<\/p>\n\n\n\n<p>Site internet : daisybell<\/p>\n\n\n\n<p>Vid\u00e9o : Production Production<\/p>\n\n\n\n<p>R\u00e9daction : David Brun-Lambert et Alex Craker<\/p>\n\n\n\n<p>Traduction : Manuela Lavanchy<br><\/p>\n\n\n\n<h4 class=\"wp-block-heading\">Consultant programmation<\/h4>\n\n\n\n<p>Willy Dezelu, RTS<br><\/p>\n\n\n\n<h4 class=\"wp-block-heading\">Bar et restauration<\/h4>\n\n\n\n<p>Task Force Event Logistique<br><\/p>\n\n\n\n<p><\/p>\n\n\n\n<p><\/p>\n\n\n\n<p><\/p>\n","protected":false},"excerpt":{"rendered":"<p>Association&nbsp; Comit\u00e9 de l\u2019association \u00ab Label Suisse pour la mise en valeur des musiques suisses \u00bb&nbsp; Pr\u00e9sident : Laurent Maire Membres : Albane Dunand (Fondation CMA), Nicolae Schiau (RTS), Tom Guex (Ville de Lausanne), Laurence Vinclair, Thierry Wegm\u00fcller, Roxane Fleury, Alexandre Ti\u00e8che Administration Administration et coordination : D\u00e9sir\u00e9e Domig Assistante exploitation : Elisa Bergaz Soutien [&hellip;]<\/p>\n","protected":false},"author":1,"featured_media":0,"parent":0,"menu_order":30,"comment_status":"closed","ping_status":"closed","template":"","meta":{"_acf_changed":false,"footnotes":""},"class_list":["post-182","page","type-page","status-publish","hentry"],"acf":[],"_links":{"self":[{"href":"https:\/\/labelsuisse.ch\/archive\/2024\/wp-json\/wp\/v2\/pages\/182","targetHints":{"allow":["GET"]}}],"collection":[{"href":"https:\/\/labelsuisse.ch\/archive\/2024\/wp-json\/wp\/v2\/pages"}],"about":[{"href":"https:\/\/labelsuisse.ch\/archive\/2024\/wp-json\/wp\/v2\/types\/page"}],"author":[{"embeddable":true,"href":"https:\/\/labelsuisse.ch\/archive\/2024\/wp-json\/wp\/v2\/users\/1"}],"replies":[{"embeddable":true,"href":"https:\/\/labelsuisse.ch\/archive\/2024\/wp-json\/wp\/v2\/comments?post=182"}],"version-history":[{"count":26,"href":"https:\/\/labelsuisse.ch\/archive\/2024\/wp-json\/wp\/v2\/pages\/182\/revisions"}],"predecessor-version":[{"id":1774,"href":"https:\/\/labelsuisse.ch\/archive\/2024\/wp-json\/wp\/v2\/pages\/182\/revisions\/1774"}],"wp:attachment":[{"href":"https:\/\/labelsuisse.ch\/archive\/2024\/wp-json\/wp\/v2\/media?parent=182"}],"curies":[{"name":"wp","href":"https:\/\/api.w.org\/{rel}","templated":true}]}}