{"id":187,"date":"2024-04-16T06:54:07","date_gmt":"2024-04-16T04:54:07","guid":{"rendered":"https:\/\/labelsuisse.ch\/?page_id=187"},"modified":"2024-04-17T17:07:07","modified_gmt":"2024-04-17T15:07:07","slug":"contacts","status":"publish","type":"page","link":"https:\/\/labelsuisse.ch\/archive\/2024\/contacts\/","title":{"rendered":"Contacts"},"content":{"rendered":"\n<p>Association Label Suisse pour la mise en valeur des musiques suisses<br>Place de la Cath\u00e9drale 6<br>CH-1005 Lausanne<\/p>\n\n\n\n<p>G\u00e9n\u00e9ral<br><a href=\"mailto:info@labelsuisse.ch\">info@labelsuisse.ch<\/a><\/p>\n\n\n\n<p>Communication<br><a href=\"mailto:comm@labelsuisse.ch\">comm@labelsuisse.ch<\/a><\/p>\n\n\n\n<p>Presse<br><a href=\"mailto:presse@labelsuisse.ch\">presse@labelsuisse.ch<\/a><\/p>\n\n\n\n<p>Programmation<br>Le comit\u00e9 de programmation du Festival contacte directement et s\u00e9lectionne les artistes d\u2019une \u00e9dition \u00e0 l\u2019autre. Vous pouvez volontiers nous envoyer vos propositions \u00e0 l\u2019adresse g\u00e9n\u00e9rale pr\u00e9cit\u00e9e. Si votre proposition pouvait rentrer dans notre programmation, nous ne manquerions pas de vous \u00e9crire.<\/p>\n","protected":false},"excerpt":{"rendered":"<p>Association Label Suisse pour la mise en valeur des musiques suissesPlace de la Cath\u00e9drale 6CH-1005 Lausanne G\u00e9n\u00e9ralinfo@labelsuisse.ch Communicationcomm@labelsuisse.ch Pressepresse@labelsuisse.ch ProgrammationLe comit\u00e9 de programmation du Festival contacte directement et s\u00e9lectionne les artistes d\u2019une \u00e9dition \u00e0 l\u2019autre. Vous pouvez volontiers nous envoyer vos propositions \u00e0 l\u2019adresse g\u00e9n\u00e9rale pr\u00e9cit\u00e9e. Si votre proposition pouvait rentrer dans notre programmation, nous [&hellip;]<\/p>\n","protected":false},"author":1,"featured_media":0,"parent":0,"menu_order":40,"comment_status":"closed","ping_status":"closed","template":"","meta":{"_acf_changed":false,"footnotes":""},"class_list":["post-187","page","type-page","status-publish","hentry"],"acf":[],"_links":{"self":[{"href":"https:\/\/labelsuisse.ch\/archive\/2024\/wp-json\/wp\/v2\/pages\/187","targetHints":{"allow":["GET"]}}],"collection":[{"href":"https:\/\/labelsuisse.ch\/archive\/2024\/wp-json\/wp\/v2\/pages"}],"about":[{"href":"https:\/\/labelsuisse.ch\/archive\/2024\/wp-json\/wp\/v2\/types\/page"}],"author":[{"embeddable":true,"href":"https:\/\/labelsuisse.ch\/archive\/2024\/wp-json\/wp\/v2\/users\/1"}],"replies":[{"embeddable":true,"href":"https:\/\/labelsuisse.ch\/archive\/2024\/wp-json\/wp\/v2\/comments?post=187"}],"version-history":[{"count":5,"href":"https:\/\/labelsuisse.ch\/archive\/2024\/wp-json\/wp\/v2\/pages\/187\/revisions"}],"predecessor-version":[{"id":340,"href":"https:\/\/labelsuisse.ch\/archive\/2024\/wp-json\/wp\/v2\/pages\/187\/revisions\/340"}],"wp:attachment":[{"href":"https:\/\/labelsuisse.ch\/archive\/2024\/wp-json\/wp\/v2\/media?parent=187"}],"curies":[{"name":"wp","href":"https:\/\/api.w.org\/{rel}","templated":true}]}}