{"id":3,"date":"2024-04-02T13:17:12","date_gmt":"2024-04-02T11:17:12","guid":{"rendered":"https:\/\/labelsuisse.ch\/?page_id=3"},"modified":"2024-04-17T11:54:10","modified_gmt":"2024-04-17T09:54:10","slug":"politique-de-confidentialite","status":"publish","type":"page","link":"https:\/\/labelsuisse.ch\/archive\/2024\/politique-de-confidentialite\/","title":{"rendered":"Politique de confidentialit\u00e9"},"content":{"rendered":"\n<p>Mise \u00e0 jour le 17 avril 2024<\/p>\n\n\n\n<p>Cette Politique de Confidentialit\u00e9 d\u00e9crit les politiques de l&rsquo;Association Label Suisse pour la mise en valeur des musiques suisses, Place de la Cath\u00e9drale 6, Vaud 1005, Suisse, email : info@labelsuisse.ch, concernant la collecte, l&rsquo;utilisation et la divulgation de vos informations que nous recueillons lorsque vous utilisez notre site web (https:\/\/labelsuisse.ch). (le \u00ab Service \u00bb). En acc\u00e9dant ou en utilisant le Service, vous consentez \u00e0 la collecte, \u00e0 l&rsquo;utilisation et \u00e0 la divulgation de vos informations conform\u00e9ment \u00e0 cette Politique de Confidentialit\u00e9. Si vous ne consentez pas \u00e0 cela, veuillez ne pas acc\u00e9der ni utiliser le Service.<\/p>\n\n\n\n<p>Nous pouvons modifier cette Politique de Confidentialit\u00e9 \u00e0 tout moment sans pr\u00e9avis et publierons la Politique r\u00e9vis\u00e9e sur le Service. La politique r\u00e9vis\u00e9e sera effective 180 jours apr\u00e8s sa publication dans le Service et votre acc\u00e8s continu ou l&rsquo;utilisation du Service apr\u00e8s ce d\u00e9lai constituera votre acceptation de la Politique de Confidentialit\u00e9 r\u00e9vis\u00e9e. Nous vous recommandons donc de consulter p\u00e9riodiquement cette page.<\/p>\n\n\n\n<h5 class=\"wp-block-heading\">Comment nous utilisons vos informations<\/h5>\n\n\n\n<p>Nous utiliserons les informations que nous collectons \u00e0 votre sujet aux fins suivantes :<\/p>\n\n\n\n<p>&#8211; Marketing\/Promotionnel<\/p>\n\n\n\n<p>&#8211; Administration des informations<\/p>\n\n\n\n<p>Si nous souhaitons utiliser vos informations \u00e0 d&rsquo;autres fins, nous vous demanderons votre consentement et utiliserons vos informations seulement apr\u00e8s avoir re\u00e7u votre consentement et alors, uniquement pour les fins pour lesquelles vous avez donn\u00e9 votre consentement, sauf si nous sommes tenus de faire autrement par la loi.<\/p>\n\n\n\n<h5 class=\"wp-block-heading\">Comment nous partageons vos informations<\/h5>\n\n\n\n<p>Nous ne transf\u00e9rerons pas vos informations personnelles \u00e0 un tiers sans obtenir votre consentement, sauf dans des circonstances limit\u00e9es d\u00e9crites ci-dessous :<\/p>\n\n\n\n<p>&#8211; Analyses<\/p>\n\n\n\n<p>Nous exigeons que ces tiers utilisent les informations personnelles que nous leur transf\u00e9rons uniquement \u00e0 la fin pour laquelle elles ont \u00e9t\u00e9 transf\u00e9r\u00e9es et ne les conservent pas plus longtemps que n\u00e9cessaire pour atteindre cette fin.<\/p>\n\n\n\n<p>Nous pouvons \u00e9galement divulguer vos informations personnelles pour les raisons suivantes : (1) pour se conformer \u00e0 la loi applicable, \u00e0 un r\u00e8glement, \u00e0 une ordonnance judiciaire ou \u00e0 un autre processus l\u00e9gal ; (2) pour faire respecter vos accords avec nous, y compris cette Politique de Confidentialit\u00e9 ; ou (3) pour r\u00e9pondre aux r\u00e9clamations selon lesquelles votre utilisation du Service viole les droits de tiers. Si le Service ou notre entreprise est fusionn\u00e9 ou acquis par une autre entreprise, vos informations seront l&rsquo;un des actifs transf\u00e9r\u00e9s au nouveau propri\u00e9taire.<\/p>\n\n\n\n<h5 class=\"wp-block-heading\">Vos Droits<\/h5>\n\n\n\n<p>Selon la loi applicable, vous pouvez avoir le droit d&rsquo;acc\u00e9der et de rectifier ou d&rsquo;effacer vos donn\u00e9es personnelles ou de recevoir une copie de vos donn\u00e9es personnelles, de restreindre ou de vous opposer au traitement actif de vos donn\u00e9es, de nous demander de partager (porter) vos informations personnelles \u00e0 une autre entit\u00e9, de retirer tout consentement que vous nous avez donn\u00e9 pour traiter vos donn\u00e9es, un droit de porter plainte aupr\u00e8s d&rsquo;une autorit\u00e9 statutaire et d&rsquo;autres droits pouvant \u00eatre pertinents selon les lois applicables. Pour exercer ces droits, vous pouvez nous \u00e9crire \u00e0 info@labelsuisse.ch. Nous r\u00e9pondrons \u00e0 votre demande conform\u00e9ment \u00e0 la loi applicable.<\/p>\n\n\n\n<p>Vous pouvez vous d\u00e9sinscrire des communications de marketing direct ou du profilage que nous r\u00e9alisons \u00e0 des fins de marketing en nous \u00e9crivant \u00e0 info@labelsuisse.ch.<\/p>\n\n\n\n<p>Notez que si vous ne nous permettez pas de collecter ou de traiter les informations personnelles requises ou si vous retirez le consentement pour traiter celles-ci aux fins requises, vous pourriez ne pas \u00eatre en mesure d&rsquo;acc\u00e9der ou d&rsquo;utiliser les services pour lesquels vos informations ont \u00e9t\u00e9 demand\u00e9es.<\/p>\n\n\n\n<h5 class=\"wp-block-heading\">S\u00e9curit\u00e9<\/h5>\n\n\n\n<p>La s\u00e9curit\u00e9 de vos informations est importante pour nous et nous utiliserons des mesures de s\u00e9curit\u00e9 raisonnables pour pr\u00e9venir<\/p>\n\n\n\n<p>&nbsp;la perte, l&rsquo;usage abusif ou l&rsquo;alt\u00e9ration non autoris\u00e9e de vos informations sous notre contr\u00f4le. Toutefois, \u00e9tant donn\u00e9 les risques inh\u00e9rents, nous ne pouvons garantir une s\u00e9curit\u00e9 absolue et, par cons\u00e9quent, nous ne pouvons assurer ou garantir la s\u00e9curit\u00e9 de toute information que vous nous transmettez et vous le faites \u00e0 vos propres risques.<\/p>\n\n\n\n<h5 class=\"wp-block-heading\">Bureau de protection des donn\u00e9es \/ Plaintes<\/h5>\n\n\n\n<p>Si vous avez des questions ou des pr\u00e9occupations concernant le traitement de vos informations disponibles chez nous, vous pouvez envoyer un courriel \u00e0 notre Officier des Plaintes \u00e0 l&rsquo;Association Label Suisse pour la mise en valeur des musiques suisses, Place de la Cath\u00e9drale 6 CH-1005 Lausanne, email : info@labelsuisse.ch. Nous aborderons vos pr\u00e9occupations conform\u00e9ment \u00e0 la loi applicable.<\/p>\n","protected":false},"excerpt":{"rendered":"<p>Mise \u00e0 jour le 17 avril 2024 Cette Politique de Confidentialit\u00e9 d\u00e9crit les politiques de l&rsquo;Association Label Suisse pour la mise en valeur des musiques suisses, Place de la Cath\u00e9drale 6, Vaud 1005, Suisse, email : info@labelsuisse.ch, concernant la collecte, l&rsquo;utilisation et la divulgation de vos informations que nous recueillons lorsque vous utilisez notre site [&hellip;]<\/p>\n","protected":false},"author":1,"featured_media":0,"parent":0,"menu_order":10000,"comment_status":"closed","ping_status":"closed","template":"","meta":{"_acf_changed":false,"footnotes":""},"class_list":["post-3","page","type-page","status-publish","hentry"],"acf":[],"_links":{"self":[{"href":"https:\/\/labelsuisse.ch\/archive\/2024\/wp-json\/wp\/v2\/pages\/3","targetHints":{"allow":["GET"]}}],"collection":[{"href":"https:\/\/labelsuisse.ch\/archive\/2024\/wp-json\/wp\/v2\/pages"}],"about":[{"href":"https:\/\/labelsuisse.ch\/archive\/2024\/wp-json\/wp\/v2\/types\/page"}],"author":[{"embeddable":true,"href":"https:\/\/labelsuisse.ch\/archive\/2024\/wp-json\/wp\/v2\/users\/1"}],"replies":[{"embeddable":true,"href":"https:\/\/labelsuisse.ch\/archive\/2024\/wp-json\/wp\/v2\/comments?post=3"}],"version-history":[{"count":3,"href":"https:\/\/labelsuisse.ch\/archive\/2024\/wp-json\/wp\/v2\/pages\/3\/revisions"}],"predecessor-version":[{"id":321,"href":"https:\/\/labelsuisse.ch\/archive\/2024\/wp-json\/wp\/v2\/pages\/3\/revisions\/321"}],"wp:attachment":[{"href":"https:\/\/labelsuisse.ch\/archive\/2024\/wp-json\/wp\/v2\/media?parent=3"}],"curies":[{"name":"wp","href":"https:\/\/api.w.org\/{rel}","templated":true}]}}