{"id":654,"date":"2024-05-11T16:59:32","date_gmt":"2024-05-11T14:59:32","guid":{"rendered":"https:\/\/labelsuisse.ch\/?page_id=654"},"modified":"2024-05-14T10:54:59","modified_gmt":"2024-05-14T08:54:59","slug":"lieux-et-acces","status":"publish","type":"page","link":"https:\/\/labelsuisse.ch\/archive\/2024\/lieux-et-acces\/","title":{"rendered":"Lieux et acc\u00e8s"},"content":{"rendered":"\n<h1 class=\"wp-block-heading has-text-align-center\">Lieux et acc\u00e8s<\/h1>\n\n\n\n<p>\u00a0<\/p>\n\n\n<div class=\"block block-venue\">\n  <div class=\"container mb-3\">\n    <div class=\"row\">\n              <div class=\"col-12 col-sm-6 col-md-4 mb-3\">\n          <div class=\"d-flex h-100 flex-column\">\n\n            <div class=\"ratio ratio-16x9 mb-2\">\n              <img decoding=\"async\" width=\"1200\" height=\"675\" src=\"https:\/\/labelsuisse.ch\/archive\/2024\/wp-content\/uploads\/2024\/04\/Casino-Montbenon-\u00a9-mano-1166.webp\" class=\"img-cover\" alt=\"\" srcset=\"https:\/\/labelsuisse.ch\/archive\/2024\/wp-content\/uploads\/2024\/04\/Casino-Montbenon-\u00a9-mano-1166.webp 1200w, https:\/\/labelsuisse.ch\/archive\/2024\/wp-content\/uploads\/2024\/04\/Casino-Montbenon-\u00a9-mano-1166-366x206.webp 366w, https:\/\/labelsuisse.ch\/archive\/2024\/wp-content\/uploads\/2024\/04\/Casino-Montbenon-\u00a9-mano-1166-548x308.webp 548w\" sizes=\"(max-width: 1200px) 100vw, 1200px\" \/>            <\/div>\n\n            <p>\n              <span class=\"h5 mb-0\">Casino de Montbenon<\/span>\n                              <br>Salle Paderewski                          <\/p>\n\n                          <p>Le Casino de Montbenon a \u00e9t\u00e9 construit en 1908 par l\u2019architecte Henry Meyer. Au cours de sa r\u00e9novation en 1980, la salle de concert a \u00e9t\u00e9 totalement transform\u00e9e et ce sont 482 si\u00e8ges en gradins qui y ont \u00e9t\u00e9 install\u00e9s. Gr\u00e2ce \u00e0 son excellente acoustique, la Salle Paderewski accueille aujourd\u2019hui aussi bien des orchestres symphoniques que des formations plus petites de musique classique ou de jazz.<\/p>\n<p><a href=\"https:\/\/www.lausanne.ch\/vie-pratique\/loisirs\/salles-et-refuges\/casino-montbenon.html\" target=\"_blank\" rel=\"noopener\">\u00c0 propos du Casino de Montbenon<\/a><\/p>\n            \n            <div class=\"mt-auto\">\n              <hr class=\"col-8\">\n              <p>\n                All. Ernest-Ansermet 3<br>1003 Lausanne                                  <br><i class=\"bi bi-geo-alt\"><\/i> <a href=\"https:\/\/maps.app.goo.gl\/dN93NL3wZRQJ3sUM6\" target=\"_blank\">Google Maps<\/a>\n                \n                                  <br><i class=\"bi bi-bus-front\"><\/i> <a class=\"popover-link\" tabindex=\"0\" role=\"button\" data-bs-trigger=\"focus\" data-bs-toggle=\"popover\" data-bs-content=\"&lt;p&gt;M\u00e9tro\u00a0: m1 \u2013 arr\u00eat Vigie \/ m2 \u2013 arr\u00eat Lausanne-Flon&lt;br \/&gt;\nTl\u00a0: lignes 3, 6, 20, 21 \u2013 arr\u00eat C\u00e9cil \/ ligne 13 \u2013 arr\u00eat Montbenon&lt;br \/&gt;\nLEB\u00a0: arr\u00eat Lausanne-Flon ou Chauderon&lt;\/p&gt;\n\">Transport<\/a>\n                              <\/p>\n            <\/div>\n\n\n          <\/div>\n        <\/div>\n              <div class=\"col-12 col-sm-6 col-md-4 mb-3\">\n          <div class=\"d-flex h-100 flex-column\">\n\n            <div class=\"ratio ratio-16x9 mb-2\">\n              <img decoding=\"async\" width=\"1425\" height=\"855\" src=\"https:\/\/labelsuisse.ch\/archive\/2024\/wp-content\/uploads\/2024\/04\/Cave-du-Bleu-1425x855.jpg\" class=\"img-cover\" alt=\"\" srcset=\"https:\/\/labelsuisse.ch\/archive\/2024\/wp-content\/uploads\/2024\/04\/Cave-du-Bleu-1425x855.jpg 1425w, https:\/\/labelsuisse.ch\/archive\/2024\/wp-content\/uploads\/2024\/04\/Cave-du-Bleu-343x206.jpg 343w, https:\/\/labelsuisse.ch\/archive\/2024\/wp-content\/uploads\/2024\/04\/Cave-du-Bleu-513x308.jpg 513w, https:\/\/labelsuisse.ch\/archive\/2024\/wp-content\/uploads\/2024\/04\/Cave-du-Bleu-1125x675.jpg 1125w, https:\/\/labelsuisse.ch\/archive\/2024\/wp-content\/uploads\/2024\/04\/Cave-du-Bleu-1710x1026.jpg 1710w\" sizes=\"(max-width: 1425px) 100vw, 1425px\" \/>            <\/div>\n\n            <p>\n              <span class=\"h5 mb-0\">La Cave du Bleu L\u00e9zard<\/span>\n                          <\/p>\n\n                          <p>Situ\u00e9e dans un cadre intimiste, charg\u00e9 d&rsquo;histoire et d&rsquo;\u00e9motions, La Cave du Bleu s\u00e9duit chaque visiteur\u00b7eus\u00b7e. Son atmosph\u00e8re d\u00e9connect\u00e9e du quotidien offre des moments de f\u00eate et d&rsquo;\u00e9motion inoubliables. Lieu embl\u00e9matique, elle a accueilli de grands noms de la musique avant leur renomm\u00e9e mondiale (Asaf Avidan, Eddy de Pretto, Selah Sue, Julia Stones, etc.). Tout Lausannois\u00b7e digne de ce nom a une histoire \u00e0 partager \u00e0 La Cave du Bleu L\u00e9zard.<\/p>\n<p><a href=\"https:\/\/bleu-lezard.ch\/la-cave\/\" target=\"_blank\" rel=\"noopener\">www.bleu-lezard.ch\/la-cave<\/a><\/p>\n            \n            <div class=\"mt-auto\">\n              <hr class=\"col-8\">\n              <p>\n                Rue Enning 10<br>1003 Lausanne                                  <br><i class=\"bi bi-geo-alt\"><\/i> <a href=\"https:\/\/maps.app.goo.gl\/6HzasyNXuNGXnL8d7\" target=\"_blank\">Google Maps<\/a>\n                \n                                  <br><i class=\"bi bi-bus-front\"><\/i> <a class=\"popover-link\" tabindex=\"0\" role=\"button\" data-bs-trigger=\"focus\" data-bs-toggle=\"popover\" data-bs-content=\"&lt;p&gt;M\u00e9tro\u00a0: m2 \u2013 arr\u00eat Bessi\u00e8re&lt;br \/&gt;\nTl : ligne 6 \u2013 arr\u00eat Bessi\u00e8re \/ ligne 13 \u2013 arr\u00eat Benjamin-Constant&lt;\/p&gt;\n\">Transport<\/a>\n                              <\/p>\n            <\/div>\n\n\n          <\/div>\n        <\/div>\n              <div class=\"col-12 col-sm-6 col-md-4 mb-3\">\n          <div class=\"d-flex h-100 flex-column\">\n\n            <div class=\"ratio ratio-16x9 mb-2\">\n              <img decoding=\"async\" width=\"1200\" height=\"800\" src=\"https:\/\/labelsuisse.ch\/archive\/2024\/wp-content\/uploads\/2024\/04\/DClub-credits-Anne-Bichsel.webp\" class=\"img-cover\" alt=\"\" srcset=\"https:\/\/labelsuisse.ch\/archive\/2024\/wp-content\/uploads\/2024\/04\/DClub-credits-Anne-Bichsel.webp 1200w, https:\/\/labelsuisse.ch\/archive\/2024\/wp-content\/uploads\/2024\/04\/DClub-credits-Anne-Bichsel-309x206.webp 309w, https:\/\/labelsuisse.ch\/archive\/2024\/wp-content\/uploads\/2024\/04\/DClub-credits-Anne-Bichsel-462x308.webp 462w, https:\/\/labelsuisse.ch\/archive\/2024\/wp-content\/uploads\/2024\/04\/DClub-credits-Anne-Bichsel-1013x675.webp 1013w\" sizes=\"(max-width: 1200px) 100vw, 1200px\" \/>            <\/div>\n\n            <p>\n              <span class=\"h5 mb-0\">D! Club<\/span>\n                          <\/p>\n\n                          <p>\u00c0 l\u2019origine premier th\u00e9\u00e2tre de suisse romande, reconverti en cin\u00e9ma puis en club, le D! Club a vu le jour en octobre 1996. Avec une programmation alliant les plus grands noms des musiques \u00e9lectroniques aux soir\u00e9es hip-hop, aux concerts en tout genre, sans compter sa programmation de spectacles d\u2019humour, il est devenu au fil des ans une entit\u00e9 de r\u00e9f\u00e9rence. \u00c9lu plusieurs fois \u00abBest Big Club\u00bb aux Swiss Nightlife Awards, il est \u00e9galement nomm\u00e9 dans le Top 100 mondial par l\u2019International Nightlife Association (#54).<\/p>\n<p><a href=\"https:\/\/dclub.ch\/\" target=\"_blank\" rel=\"noopener\">www.dclub.ch<\/a><\/p>\n            \n            <div class=\"mt-auto\">\n              <hr class=\"col-8\">\n              <p>\n                Place Centrale 1<br>1001 Lausanne                                  <br><i class=\"bi bi-geo-alt\"><\/i> <a href=\"https:\/\/maps.app.goo.gl\/r91nYiTVZqmFESYw5\" target=\"_blank\">Google Maps<\/a>\n                \n                                  <br><i class=\"bi bi-bus-front\"><\/i> <a class=\"popover-link\" tabindex=\"0\" role=\"button\" data-bs-trigger=\"focus\" data-bs-toggle=\"popover\" data-bs-content=\"&lt;p&gt;M\u00e9tro\u00a0: m1 \/ m2 \u2013 arr\u00eat Lausanne-Flon&lt;br \/&gt;\nLEB\u00a0: arr\u00eat Lausanne-Flon&lt;\/p&gt;\n\">Transport<\/a>\n                              <\/p>\n            <\/div>\n\n\n          <\/div>\n        <\/div>\n              <div class=\"col-12 col-sm-6 col-md-4 mb-3\">\n          <div class=\"d-flex h-100 flex-column\">\n\n            <div class=\"ratio ratio-16x9 mb-2\">\n              <img decoding=\"async\" width=\"550\" height=\"550\" src=\"https:\/\/labelsuisse.ch\/archive\/2024\/wp-content\/uploads\/2024\/04\/La-Datcha.jpg\" class=\"img-cover\" alt=\"\" srcset=\"https:\/\/labelsuisse.ch\/archive\/2024\/wp-content\/uploads\/2024\/04\/La-Datcha.jpg 550w, https:\/\/labelsuisse.ch\/archive\/2024\/wp-content\/uploads\/2024\/04\/La-Datcha-150x150.jpg 150w, https:\/\/labelsuisse.ch\/archive\/2024\/wp-content\/uploads\/2024\/04\/La-Datcha-206x206.jpg 206w, https:\/\/labelsuisse.ch\/archive\/2024\/wp-content\/uploads\/2024\/04\/La-Datcha-308x308.jpg 308w\" sizes=\"(max-width: 550px) 100vw, 550px\" \/>            <\/div>\n\n            <p>\n              <span class=\"h5 mb-0\">La Datcha<\/span>\n                          <\/p>\n\n                          <p>N\u00e9e en 2011, la Datcha est un espace d&rsquo;\u00e9change entre artistes et publics, en plein centre de Lausanne. Ces rencontres intimistes, choisies au coup de c\u0153ur, prennent vie sous plusieurs formes : concerts, vernissages ou encore expositions.<\/p>\n<p><a href=\"https:\/\/la-datcha.ch\/\" target=\"_blank\" rel=\"noopener\">www.la-datcha.ch<\/a><\/p>\n            \n            <div class=\"mt-auto\">\n              <hr class=\"col-8\">\n              <p>\n                Rue des C\u00f4tes-de-Montbenon 13<br>1003 Lausanne                                  <br><i class=\"bi bi-geo-alt\"><\/i> <a href=\"https:\/\/maps.app.goo.gl\/cuaGi68NVwMh8ogB9\" target=\"_blank\">Google Maps<\/a>\n                \n                                  <br><i class=\"bi bi-bus-front\"><\/i> <a class=\"popover-link\" tabindex=\"0\" role=\"button\" data-bs-trigger=\"focus\" data-bs-toggle=\"popover\" data-bs-content=\"&lt;p&gt;M\u00e9tro\u00a0: m1 \u2013 arr\u00eat Vigie \/ m2 \u2013 arr\u00eat Lausanne-Flon&lt;br \/&gt;\nTl\u00a0: ligne 13 \u2013 arr\u00eat Montbenon&lt;br \/&gt;\nLEB\u00a0: arr\u00eat Lausanne-Flon ou Chauderon&lt;\/p&gt;\n\">Transport<\/a>\n                              <\/p>\n            <\/div>\n\n\n          <\/div>\n        <\/div>\n              <div class=\"col-12 col-sm-6 col-md-4 mb-3\">\n          <div class=\"d-flex h-100 flex-column\">\n\n            <div class=\"ratio ratio-16x9 mb-2\">\n              <img decoding=\"async\" width=\"1140\" height=\"855\" src=\"https:\/\/labelsuisse.ch\/archive\/2024\/wp-content\/uploads\/2024\/04\/Les-Docks-1140x855.webp\" class=\"img-cover\" alt=\"\" srcset=\"https:\/\/labelsuisse.ch\/archive\/2024\/wp-content\/uploads\/2024\/04\/Les-Docks-1140x855.webp 1140w, https:\/\/labelsuisse.ch\/archive\/2024\/wp-content\/uploads\/2024\/04\/Les-Docks-275x206.webp 275w, https:\/\/labelsuisse.ch\/archive\/2024\/wp-content\/uploads\/2024\/04\/Les-Docks-411x308.webp 411w, https:\/\/labelsuisse.ch\/archive\/2024\/wp-content\/uploads\/2024\/04\/Les-Docks-900x675.webp 900w, https:\/\/labelsuisse.ch\/archive\/2024\/wp-content\/uploads\/2024\/04\/Les-Docks.webp 1200w\" sizes=\"(max-width: 1140px) 100vw, 1140px\" \/>            <\/div>\n\n            <p>\n              <span class=\"h5 mb-0\">Les Docks<\/span>\n                          <\/p>\n\n                          <p>Situ\u00e9s a\u0300 deux pas du Flon dans le quartier de Se\u0301velin, les Docks proposent une sc\u00e8ne d\u00e9di\u00e9e aux musiques actuelles. Avec une programmation reconnue, un accueil convivial et une proximit\u00e9 appr\u00e9ci\u00e9e entre le public et les artistes, les Docks occupent depuis pr\u00e8s de 20 ans une place de choix dans le paysage musical suisse.<\/p>\n<p>INFOS \u00c2GE D\u2019ENTR\u00c9E<br \/>\nL\u2019entr\u00e9e est interdite aux enfants de moins de 4 ans et non-recommand\u00e9e avant 7 ans. Les jeunes de moins de 16 ans doivent obligatoirement \u00eatre accompagn\u00e9\u00b7e\u00b7s d\u2019un\u00b7e parent\u00b7e \/ repr\u00e9sentant\u00b7e l\u00e9gal\u00b7e ou par un\u00b7e adulte responsable dont la garde lui a \u00e9t\u00e9 confi\u00e9e si le formulaire \u00e0 <a href=\"https:\/\/www.docks.ch\/pratiques\/\">ce lien<\/a> est d\u00fbment compl\u00e9t\u00e9 et sign\u00e9.<\/p>\n<p><a href=\"https:\/\/www.docks.ch\/\" target=\"_blank\" rel=\"noopener\">www.docks.ch<\/a><\/p>\n            \n            <div class=\"mt-auto\">\n              <hr class=\"col-8\">\n              <p>\n                Avenue de Se\u0301velin 34<br>1004 Lausanne                                  <br><i class=\"bi bi-geo-alt\"><\/i> <a href=\"https:\/\/maps.app.goo.gl\/ojRsV39YR7b4i2GT7\" target=\"_blank\">Google Maps<\/a>\n                \n                                  <br><i class=\"bi bi-bus-front\"><\/i> <a class=\"popover-link\" tabindex=\"0\" role=\"button\" data-bs-trigger=\"focus\" data-bs-toggle=\"popover\" data-bs-content=\"&lt;p&gt;M\u00e9tro\u00a0: m1 \u2013 arr\u00eat Vigie ou Montelly&lt;br \/&gt;\nTl\u00a0: ligne 16 \u2013 arr\u00eat Belv\u00e9d\u00e8re \/ ligne 17 \u2013 arr\u00eat EPSIC&lt;br \/&gt;\nLEB\u00a0: arr\u00eat Lausanne-Flon&lt;\/p&gt;\n\">Transport<\/a>\n                              <\/p>\n            <\/div>\n\n\n          <\/div>\n        <\/div>\n              <div class=\"col-12 col-sm-6 col-md-4 mb-3\">\n          <div class=\"d-flex h-100 flex-column\">\n\n            <div class=\"ratio ratio-16x9 mb-2\">\n              <img decoding=\"async\" width=\"1340\" height=\"855\" src=\"https:\/\/labelsuisse.ch\/archive\/2024\/wp-content\/uploads\/2024\/04\/Eglise-Saint-Francois-credits-Gregoire_Fillion-min-1340x855.jpg\" class=\"img-cover\" alt=\"\" srcset=\"https:\/\/labelsuisse.ch\/archive\/2024\/wp-content\/uploads\/2024\/04\/Eglise-Saint-Francois-credits-Gregoire_Fillion-min-1340x855.jpg 1340w, https:\/\/labelsuisse.ch\/archive\/2024\/wp-content\/uploads\/2024\/04\/Eglise-Saint-Francois-credits-Gregoire_Fillion-min-323x206.jpg 323w, https:\/\/labelsuisse.ch\/archive\/2024\/wp-content\/uploads\/2024\/04\/Eglise-Saint-Francois-credits-Gregoire_Fillion-min-483x308.jpg 483w, https:\/\/labelsuisse.ch\/archive\/2024\/wp-content\/uploads\/2024\/04\/Eglise-Saint-Francois-credits-Gregoire_Fillion-min-1058x675.jpg 1058w, https:\/\/labelsuisse.ch\/archive\/2024\/wp-content\/uploads\/2024\/04\/Eglise-Saint-Francois-credits-Gregoire_Fillion-min-1608x1026.jpg 1608w\" sizes=\"(max-width: 1340px) 100vw, 1340px\" \/>            <\/div>\n\n            <p>\n              <span class=\"h5 mb-0\">\u00c9glise Saint-Fran\u00e7ois<\/span>\n                          <\/p>\n\n                          <p>Depuis 2011, \u00ab L\u2019esprit sainf \u00bb est le nom donn\u00e9 \u00e0 l&rsquo;\u00e9glise Saint-Fran\u00e7ois. Institu\u00e9 par l\u2019\u00c9glise Evang\u00e9lique R\u00e9form\u00e9e du Canton de Vaud (EERV), il d\u00e9veloppe deux axes : l\u2019un culturel, l\u2019autre \u00e9tant le dialogue avec la culture et l\u2019art contemporain.\u00a0 \u00c0 Saint-Fran\u00e7ois, th\u00e9ologie et culture se pollinisent mutuellement tout au long de l\u2019ann\u00e9e. La musique fait aussi partie de l\u2019innervation du lieu, hors de toute chapelle musicale, au gr\u00e9 de saisons de concerts de musique classique, jazz, contemporaine et musique du monde.<\/p>\n<p><a href=\"https:\/\/www.sainf.ch\/\" target=\"_blank\" rel=\"noopener\">www.sainf.ch<\/a><\/p>\n            \n            <div class=\"mt-auto\">\n              <hr class=\"col-8\">\n              <p>\n                Place Saint-Franc\u0327ois<br>1001 Lausanne                                  <br><i class=\"bi bi-geo-alt\"><\/i> <a href=\"https:\/\/maps.app.goo.gl\/xk7HSTNPmnjz3kNeA\" target=\"_blank\">Google Maps<\/a>\n                \n                                  <br><i class=\"bi bi-bus-front\"><\/i> <a class=\"popover-link\" tabindex=\"0\" role=\"button\" data-bs-trigger=\"focus\" data-bs-toggle=\"popover\" data-bs-content=\"&lt;p&gt;M\u00e9tro : m1 \/ m2 \u2013 arr\u00eat Lausanne-Flon&lt;br \/&gt;\nTl : lignes 1,2,4,6,8,9,13 \u2013 arr\u00eat Saint-Fran\u00e7ois&lt;br \/&gt;\nLEB : arr\u00eat Lausanne-Flon&lt;\/p&gt;\n\">Transport<\/a>\n                              <\/p>\n            <\/div>\n\n\n          <\/div>\n        <\/div>\n              <div class=\"col-12 col-sm-6 col-md-4 mb-3\">\n          <div class=\"d-flex h-100 flex-column\">\n\n            <div class=\"ratio ratio-16x9 mb-2\">\n              <img decoding=\"async\" width=\"1069\" height=\"855\" src=\"https:\/\/labelsuisse.ch\/archive\/2024\/wp-content\/uploads\/2024\/05\/Ferme-des-tilleuls-credits-Matthieu-Gafsou-1069x855.webp\" class=\"img-cover\" alt=\"\" srcset=\"https:\/\/labelsuisse.ch\/archive\/2024\/wp-content\/uploads\/2024\/05\/Ferme-des-tilleuls-credits-Matthieu-Gafsou-1069x855.webp 1069w, https:\/\/labelsuisse.ch\/archive\/2024\/wp-content\/uploads\/2024\/05\/Ferme-des-tilleuls-credits-Matthieu-Gafsou-258x206.webp 258w, https:\/\/labelsuisse.ch\/archive\/2024\/wp-content\/uploads\/2024\/05\/Ferme-des-tilleuls-credits-Matthieu-Gafsou-385x308.webp 385w, https:\/\/labelsuisse.ch\/archive\/2024\/wp-content\/uploads\/2024\/05\/Ferme-des-tilleuls-credits-Matthieu-Gafsou-844x675.webp 844w, https:\/\/labelsuisse.ch\/archive\/2024\/wp-content\/uploads\/2024\/05\/Ferme-des-tilleuls-credits-Matthieu-Gafsou.webp 1200w\" sizes=\"(max-width: 1069px) 100vw, 1069px\" \/>            <\/div>\n\n            <p>\n              <span class=\"h5 mb-0\">La Ferme des Tilleuls<\/span>\n                          <\/p>\n\n                          <p>\u00c9crin de verdure nich\u00e9 \u00e0 Renens, au c\u0153ur de l\u2019Ouest lausannois, La Ferme des Tilleuls et son Caf\u00e9 Restaurant proposent des expositions, concerts, projections de films, rencontres scientifiques, lectures, ateliers artistiques et r\u00e9sidences d\u2019artistes. Son programme foisonnant et multidisciplinaire est accessible \u00e0 toutes et \u00e0 tous.<\/p>\n<p><a href=\"https:\/\/fermedestilleuls.ch\/\" target=\"_blank\" rel=\"noopener\">fermedestilleuls.ch<\/a><\/p>\n            \n            <div class=\"mt-auto\">\n              <hr class=\"col-8\">\n              <p>\n                Rue de Lausanne 52<br>1020 Renens                                  <br><i class=\"bi bi-geo-alt\"><\/i> <a href=\"https:\/\/maps.app.goo.gl\/GAXxbvjTLwpEDMc58\" target=\"_blank\">Google Maps<\/a>\n                \n                                  <br><i class=\"bi bi-bus-front\"><\/i> <a class=\"popover-link\" tabindex=\"0\" role=\"button\" data-bs-trigger=\"focus\" data-bs-toggle=\"popover\" data-bs-content=\"&lt;p&gt;&lt;span style=&quot;font-weight: 400;&quot;&gt;tl : ligne 17, 19 &amp;#8211; arr\u00eat Renens Village&lt;\/span&gt;&lt;\/p&gt;\n\">Transport<\/a>\n                              <\/p>\n            <\/div>\n\n\n          <\/div>\n        <\/div>\n              <div class=\"col-12 col-sm-6 col-md-4 mb-3\">\n          <div class=\"d-flex h-100 flex-column\">\n\n            <div class=\"ratio ratio-16x9 mb-2\">\n              <img decoding=\"async\" width=\"1140\" height=\"855\" src=\"https:\/\/labelsuisse.ch\/archive\/2024\/wp-content\/uploads\/2024\/04\/017_JUMEAUX_LR-1140x855.jpg\" class=\"img-cover\" alt=\"Les Jumeaux Jazz Club\" srcset=\"https:\/\/labelsuisse.ch\/archive\/2024\/wp-content\/uploads\/2024\/04\/017_JUMEAUX_LR-1140x855.jpg 1140w, https:\/\/labelsuisse.ch\/archive\/2024\/wp-content\/uploads\/2024\/04\/017_JUMEAUX_LR-275x206.jpg 275w, https:\/\/labelsuisse.ch\/archive\/2024\/wp-content\/uploads\/2024\/04\/017_JUMEAUX_LR-411x308.jpg 411w, https:\/\/labelsuisse.ch\/archive\/2024\/wp-content\/uploads\/2024\/04\/017_JUMEAUX_LR-900x675.jpg 900w, https:\/\/labelsuisse.ch\/archive\/2024\/wp-content\/uploads\/2024\/04\/017_JUMEAUX_LR-1368x1026.jpg 1368w, https:\/\/labelsuisse.ch\/archive\/2024\/wp-content\/uploads\/2024\/04\/017_JUMEAUX_LR-1799x1350.jpg 1799w\" sizes=\"(max-width: 1140px) 100vw, 1140px\" \/>            <\/div>\n\n            <p>\n              <span class=\"h5 mb-0\">Jumeaux Jazz Club<\/span>\n                          <\/p>\n\n                          <p>Dernier n\u00e9 de la Capitale vaudoise, le club des Jumeaux rejoint pour la premi\u00e8re fois les lieux partenaires de Label Suisse. Ouvert depuis janvier 2024 et situ\u00e9 au c\u0153ur du Flon, il est le nouvel \u00e9crin incontournable de 300 places d\u00e9di\u00e9 au jazz novateur et m\u00e9tiss\u00e9 et aux musiques du monde.<\/p>\n<p><a href=\"https:\/\/www.jumeaux.club\/\" target=\"_blank\" rel=\"noopener\">www.jumeaux.club<\/a><\/p>\n            \n            <div class=\"mt-auto\">\n              <hr class=\"col-8\">\n              <p>\n                Rue de Gen\u00e8ve 19<br>1003 Lausanne                                  <br><i class=\"bi bi-geo-alt\"><\/i> <a href=\"https:\/\/maps.app.goo.gl\/EJBnDtYZERN5RDe19\" target=\"_blank\">Google Maps<\/a>\n                \n                                  <br><i class=\"bi bi-bus-front\"><\/i> <a class=\"popover-link\" tabindex=\"0\" role=\"button\" data-bs-trigger=\"focus\" data-bs-toggle=\"popover\" data-bs-content=\"&lt;p&gt;M\u00e9tro\u00a0: m1 \/ m2 \u2013 arr\u00eat Lausanne-Flon&lt;br \/&gt;\nTl\u00a0: lignes 1,2,4,6,7,8,9,16,18,19 \u2013 arr\u00eat Bel-Air \/ ligne 13 \u2013 arr\u00eat Montbenon&lt;br \/&gt;\nLEB\u00a0: arr\u00eat Lausanne-Flon&lt;\/p&gt;\n\">Transport<\/a>\n                              <\/p>\n            <\/div>\n\n\n          <\/div>\n        <\/div>\n              <div class=\"col-12 col-sm-6 col-md-4 mb-3\">\n          <div class=\"d-flex h-100 flex-column\">\n\n            <div class=\"ratio ratio-16x9 mb-2\">\n              <img decoding=\"async\" width=\"1200\" height=\"800\" src=\"https:\/\/labelsuisse.ch\/archive\/2024\/wp-content\/uploads\/2024\/04\/Place-des-pionnieres-credits-Anne-Bichsel.webp\" class=\"img-cover\" alt=\"\" srcset=\"https:\/\/labelsuisse.ch\/archive\/2024\/wp-content\/uploads\/2024\/04\/Place-des-pionnieres-credits-Anne-Bichsel.webp 1200w, https:\/\/labelsuisse.ch\/archive\/2024\/wp-content\/uploads\/2024\/04\/Place-des-pionnieres-credits-Anne-Bichsel-309x206.webp 309w, https:\/\/labelsuisse.ch\/archive\/2024\/wp-content\/uploads\/2024\/04\/Place-des-pionnieres-credits-Anne-Bichsel-462x308.webp 462w, https:\/\/labelsuisse.ch\/archive\/2024\/wp-content\/uploads\/2024\/04\/Place-des-pionnieres-credits-Anne-Bichsel-1013x675.webp 1013w\" sizes=\"(max-width: 1200px) 100vw, 1200px\" \/>            <\/div>\n\n            <p>\n              <span class=\"h5 mb-0\">Place des Pionni\u00e8res<\/span>\n                          <\/p>\n\n                          <p>Vaisseau amiral sc\u00e9nique de Label Suisse, la grande sc\u00e8ne en plein air de la Place des Pionni\u00e8res \u2013 anciennement Place Centrale \u2013 peut recevoir jusqu\u2019a\u0300 4000 personnes au c\u0153ur de Lausanne.<\/p>\n            \n            <div class=\"mt-auto\">\n              <hr class=\"col-8\">\n              <p>\n                Place des Pionni\u00e8res<br>1003 Lausanne                                  <br><i class=\"bi bi-geo-alt\"><\/i> <a href=\"https:\/\/maps.app.goo.gl\/qaZVeJ5KtsUnhM8K8\" target=\"_blank\">Google Maps<\/a>\n                \n                                  <br><i class=\"bi bi-bus-front\"><\/i> <a class=\"popover-link\" tabindex=\"0\" role=\"button\" data-bs-trigger=\"focus\" data-bs-toggle=\"popover\" data-bs-content=\"&lt;p&gt;M\u00e9tro\u00a0: m1 \/ m2 \u2013 arr\u00eat Lausanne-Flon&lt;br \/&gt;\nLEB : arr\u00eat Lausanne-Flon&lt;\/p&gt;\n\">Transport<\/a>\n                              <\/p>\n            <\/div>\n\n\n          <\/div>\n        <\/div>\n          <\/div>\n  <\/div>\n<\/div>\n\n\n<div style=\"height:43px\" aria-hidden=\"true\" class=\"wp-block-spacer\"><\/div>\n\n\n\n<h4 class=\"wp-block-heading\">Acc\u00e8s<\/h4>\n\n\n\n<h5 class=\"wp-block-heading\">En bus, m\u00e9tro et LEB avec les tl \u2013 transports publics lausannois<\/h5>\n\n\n\n<p>Label Suisse encourage la mobilit\u00e9 douce et les transports publics. Consultez les horaires en temps r\u00e9el et achetez vos billets directement depuis l\u2019application tl sur l\u2019<a href=\"https:\/\/apps.apple.com\/ch\/app\/tl\/id1470402943?l=fr\">App Store<\/a> ou sur <a href=\"https:\/\/play.google.com\/store\/apps\/details?id=ch.tl.tl&amp;hl=fr_CH&amp;gl=US\">Google Play<\/a><\/p>\n\n\n\n<p>Retrouvez aussi les horaires des tl sur <a href=\"http:\/\/www.t-l.ch\/\">www.t-l.ch<\/a><\/p>\n\n\n\n<h5 class=\"wp-block-heading\">En CarPostal<\/h5>\n\n\n\n<p>Depuis les zones hors r\u00e9gion lausannoise, retrouvez les horaires des lignes CarPostal et des arr\u00eats les plus proches depuis l\u2019application CarPostal sur l\u2019<a href=\"https:\/\/apps.apple.com\/ch\/app\/publicar\/id1482761147?l=fr\">App Store<\/a> ou <a href=\"https:\/\/play.google.com\/store\/apps\/details?id=com.ioki.postauto&amp;hl=fr\">Google Play<\/a><\/p>\n\n\n\n<p>Retrouvez aussi les horaires de CarPostal sur <a href=\"https:\/\/www.postauto.ch\/fr\/horaire-et-reseau\/horaire-et-achat-de-billets\">www.postauto.ch<\/a><\/p>\n\n\n\n<h5 class=\"wp-block-heading\">R\u00e9seau Nocturne &#8211; tl<\/h5>\n\n\n\n<p>Les soirs de week-end (nuits de vendredi \u00e0 samedi, de samedi \u00e0 dimanche, et pr\u00e9c\u00e9dant un jour f\u00e9ri\u00e9), les tl vous accompagnent sur les lignes N1, N2, N3, N4, N5, N6 entre&nbsp;00h40 et 5h00.Horaires et trajets sur le <a href=\"https:\/\/www.t-l.ch\/voyager\/horaires\/reseau-nocturne\/\">site officiel des&nbsp;tl<\/a>.<\/p>\n","protected":false},"excerpt":{"rendered":"<p>Lieux et acc\u00e8s \u00a0 Acc\u00e8s En bus, m\u00e9tro et LEB avec les tl \u2013 transports publics lausannois Label Suisse encourage la mobilit\u00e9 douce et les transports publics. Consultez les horaires en temps r\u00e9el et achetez vos billets directement depuis l\u2019application tl sur l\u2019App Store ou sur Google Play Retrouvez aussi les horaires des tl sur [&hellip;]<\/p>\n","protected":false},"author":1,"featured_media":0,"parent":0,"menu_order":0,"comment_status":"closed","ping_status":"closed","template":"","meta":{"_acf_changed":false,"footnotes":""},"class_list":["post-654","page","type-page","status-publish","hentry"],"acf":[],"_links":{"self":[{"href":"https:\/\/labelsuisse.ch\/archive\/2024\/wp-json\/wp\/v2\/pages\/654","targetHints":{"allow":["GET"]}}],"collection":[{"href":"https:\/\/labelsuisse.ch\/archive\/2024\/wp-json\/wp\/v2\/pages"}],"about":[{"href":"https:\/\/labelsuisse.ch\/archive\/2024\/wp-json\/wp\/v2\/types\/page"}],"author":[{"embeddable":true,"href":"https:\/\/labelsuisse.ch\/archive\/2024\/wp-json\/wp\/v2\/users\/1"}],"replies":[{"embeddable":true,"href":"https:\/\/labelsuisse.ch\/archive\/2024\/wp-json\/wp\/v2\/comments?post=654"}],"version-history":[{"count":8,"href":"https:\/\/labelsuisse.ch\/archive\/2024\/wp-json\/wp\/v2\/pages\/654\/revisions"}],"predecessor-version":[{"id":818,"href":"https:\/\/labelsuisse.ch\/archive\/2024\/wp-json\/wp\/v2\/pages\/654\/revisions\/818"}],"wp:attachment":[{"href":"https:\/\/labelsuisse.ch\/archive\/2024\/wp-json\/wp\/v2\/media?parent=654"}],"curies":[{"name":"wp","href":"https:\/\/api.w.org\/{rel}","templated":true}]}}