{"id":675,"date":"2024-05-13T09:45:33","date_gmt":"2024-05-13T07:45:33","guid":{"rendered":"https:\/\/labelsuisse.ch\/?page_id=675"},"modified":"2025-12-11T07:03:35","modified_gmt":"2025-12-11T06:03:35","slug":"accueil","status":"publish","type":"page","link":"https:\/\/labelsuisse.ch\/archive\/2024\/","title":{"rendered":"Accueil"},"content":{"rendered":"<div id=\"block_693a5eb67fcdc\" class=\"block block-article-list alignfull pt-4 pt-sm-0 pt-lg-4 px-0 article-count-5\">\n\n  <div class=\"block-article-list-title text-center pt-sm-5 font-size-lg\">\n    News  <\/div>\n\n      <div class=\"mb-3\">\n\n      <div class=\"swiper-nav\">\n        <button class=\"btn swiper-button-prev btn-link text-decoration-none my-auto\" type=\"button\">\n          <span class=\"h2 mb-0 me-5\">\u2190<\/span>\n          <span class=\"visually-hidden\">Pr\u00e9c\u00e9dent<\/span>\n        <\/button>\n        <button class=\"btn swiper-button-next btn-link text-decoration-none my-auto\" type=\"button\">\n          <span class=\"h2 mb-0 ms-5\">\u2192<\/span>\n          <span class=\"visually-hidden\">Suivant<\/span>\n        <\/button>\n      <\/div>\n\n      <div class=\"swiper px-3 pb-3 w-100\">\n\n        <div class=\"swiper-wrapper\">\n\n          \n            <div class=\"swiper-slide col-12 col-sm-6 col-lg-4 text-center px-xxl-4\">\n\n              \n                <a href=\"https:\/\/labelsuisse.ch\/archive\/2024\/photos-edition-2024\/\" target=\"\" class=\"article-link\">\n                  <div class=\"display-6 mb-4\">Photos<br \/>\r\n\u00e9dition 2024<\/div>\n                <\/a>\n                <a href=\"https:\/\/labelsuisse.ch\/archive\/2024\/photos-edition-2024\/\" target=\"\" class=\"btn btn-outline-dark\">\n                  Voir les photos                <\/a>\n\n              \n            <\/div>\n\n          \n            <div class=\"swiper-slide col-12 col-sm-6 col-lg-4 text-center px-xxl-4\">\n\n              \n                <a href=\"https:\/\/labelsuisse.ch\/archive\/2024\/programme\/\" target=\"\" class=\"article-link\">\n                  <div class=\"display-6 mb-4\">Programmation<br \/>\r\ncompl\u00e8te<\/div>\n                <\/a>\n                <a href=\"https:\/\/labelsuisse.ch\/archive\/2024\/programme\/\" target=\"\" class=\"btn btn-outline-dark\">\n                  D\u00e9couvrir le programme                <\/a>\n\n              \n            <\/div>\n\n          \n            <div class=\"swiper-slide col-12 col-sm-6 col-lg-4 text-center px-xxl-4\">\n\n              \n                <a href=\"https:\/\/labelsuisse.ch\/archive\/2024\/parcours-thematiques\/\" target=\"\" class=\"article-link\">\n                  <div class=\"display-6 mb-4\">Explorer les parcours th\u00e9matiques<\/div>\n                <\/a>\n                <a href=\"https:\/\/labelsuisse.ch\/archive\/2024\/parcours-thematiques\/\" target=\"\" class=\"btn btn-outline-dark\">\n                  Parcours th\u00e9matiques                <\/a>\n\n              \n            <\/div>\n\n          \n            <div class=\"swiper-slide col-12 col-sm-6 col-lg-4 text-center px-xxl-4\">\n\n              \n                <a href=\"https:\/\/labelsuisse.ch\/archive\/2024\/a-propos\/\" target=\"\" class=\"article-link\">\n                  <div class=\"display-6 mb-4\">Label Suisse c\u00e9l\u00e8bre tous les 2 ans la sc\u00e8ne musicale suisse \u00e0 360\u00b0<\/div>\n                <\/a>\n                <a href=\"https:\/\/labelsuisse.ch\/archive\/2024\/a-propos\/\" target=\"\" class=\"btn btn-outline-dark\">\n                  \u00c0 propos                <\/a>\n\n              \n            <\/div>\n\n          \n            <div class=\"swiper-slide col-12 col-sm-6 col-lg-4 text-center px-xxl-4\">\n\n              \n                <a href=\"https:\/\/labelsuisse.ch\/archive\/2024\/greetings-from-label-suisse\/\" target=\"\" class=\"article-link\">\n                  <div class=\"display-6 mb-4\">L\u2019affiche de l\u2019\u00e9dition 2024 du festival<br \/>\r\nen avant-premi\u00e8re<\/div>\n                <\/a>\n                <a href=\"https:\/\/labelsuisse.ch\/archive\/2024\/greetings-from-label-suisse\/\" target=\"\" class=\"btn btn-outline-dark\">\n                  Greetings from Label Suisse                <\/a>\n\n              \n            <\/div>\n\n          \n        <\/div>\n\n      <\/div>\n\n    <\/div>\n  \n<\/div>\n\n\n<div class=\"alignwide\">\n<div class=\"ratio ratio-16x9\">\n<iframe loading=\"lazy\" width=\"1920\" height=\"1080\" src=\"https:\/\/www.youtube.com\/embed\/YydzOsyTFlI?si=0zCuoU8Z1sufI4tw\" title=\"YouTube video player\" frameborder=\"0\" allow=\"accelerometer; autoplay; clipboard-write; encrypted-media; gyroscope; picture-in-picture; web-share\" referrerpolicy=\"strict-origin-when-cross-origin\" allowfullscreen><\/iframe>\n<\/div>\n<\/div>\n\n\n\n<div style=\"height:39px\" aria-hidden=\"true\" class=\"wp-block-spacer\"><\/div>\n\n\n\n<div class=\"wp-block-columns alignfull mb-0 overflow-hidden has-primary-background-color has-background is-layout-flex wp-container-core-columns-is-layout-9d6595d7 wp-block-columns-is-layout-flex\">\n<div class=\"wp-block-column is-layout-flow wp-block-column-is-layout-flow\">\n<div class=\"wp-block-columns alignwide mt-4 is-layout-flex wp-container-core-columns-is-layout-9d6595d7 wp-block-columns-is-layout-flex\">\n<div class=\"wp-block-column is-layout-flow wp-block-column-is-layout-flow\"><div class=\"block block block-carousel  alignfull\">\n\n  <div class=\"swiper swiper-cards swiper-3d swiper-horyzontal swiper-watch-progress\">\n    <div class=\"swiper-wrapper\">\n              <div class=\"swiper-slide\">\n\n          <figure>\n            <img decoding=\"async\" src=\"https:\/\/labelsuisse.ch\/archive\/2024\/wp-content\/uploads\/2024\/04\/label-suisse-festival-1.webp\" alt=\"\" class=\"img-fluid\">          <\/figure>\n\n        <\/div>\n\n                \n              <div class=\"swiper-slide\">\n\n          <figure>\n            <img decoding=\"async\" src=\"https:\/\/labelsuisse.ch\/archive\/2024\/wp-content\/uploads\/2024\/04\/label-suisse-festival-2.webp\" alt=\"\" class=\"img-fluid\">          <\/figure>\n\n        <\/div>\n\n                \n              <div class=\"swiper-slide\">\n\n          <figure>\n            <img decoding=\"async\" src=\"https:\/\/labelsuisse.ch\/archive\/2024\/wp-content\/uploads\/2024\/04\/label-suisse-festival-3.webp\" alt=\"\" class=\"img-fluid\">          <\/figure>\n\n        <\/div>\n\n                \n      \n      <div class=\"swiper-pagination swiper-pagination-clickable swiper-pagination-bullets swiper-pagination-horizontal\">\n                  <span class=\"swiper-pagination-bullet\" tabindex=\"0\" role=\"button\" aria-label=\"Go to slide 1\"><\/span>\n                  <span class=\"swiper-pagination-bullet\" tabindex=\"0\" role=\"button\" aria-label=\"Go to slide 2\"><\/span>\n                  <span class=\"swiper-pagination-bullet\" tabindex=\"0\" role=\"button\" aria-label=\"Go to slide 3\"><\/span>\n              <\/div>\n\n    <\/div>\n  <\/div>\n\n<\/div><\/div>\n\n\n\n<div class=\"wp-block-column d-flex is-layout-flow wp-block-column-is-layout-flow\"><div class=\"block block-accordions my-auto alignfull\">\n  <div class=\"accordion\" id=\"block_693a5eb67fd08\">\n    <div class=\"acf-innerblocks-container\">\n\n<div class=\"block block-accordion my-auto accordion-item\">\n  <div class=\"accordion-header\">\n    <button class=\"accordion-button collapsed\" type=\"button\" data-bs-toggle=\"collapse\" data-bs-target=\"#collapse-block_693a5eb67fd12\" aria-expanded=\"false\" aria-controls=\"collapse-block_693a5eb67fd12\">\n      <div class=\"h3 mb-0\">C&rsquo;est o\u00f9 ?<\/div>\n    <\/button>\n  <\/div>\n  <div id=\"collapse-block_693a5eb67fd12\" class=\"accordion-collapse collapse \">\n    <div class=\"accordion-body pt-1\">\n      <div class=\"acf-innerblocks-container\">\n\n<p>Les concerts se d\u00e9roulent au c\u0153ur de Lausanne et investissent neuf lieux, clubs et salles de concerts embl\u00e9matiques de la capitale vaudoise. <a href=\"https:\/\/labelsuisse.ch\/wp-content\/uploads\/2024\/08\/20240816-LABELSUISSE-SITE-PLAN-300DPI.png\" target=\"_blank\" rel=\"noreferrer noopener\">T\u00e9l\u00e9charger le plan<\/a><\/p>\n\n<\/div>\n    <\/div>\n  <\/div>\n<\/div>\n\n\n<div class=\"block block-accordion accordion-item\">\n  <div class=\"accordion-header\">\n    <button class=\"accordion-button collapsed\" type=\"button\" data-bs-toggle=\"collapse\" data-bs-target=\"#collapse-block_693a5eb67fd1b\" aria-expanded=\"false\" aria-controls=\"collapse-block_693a5eb67fd1b\">\n      <div class=\"h3 mb-0\">C&rsquo;est gratuit ?<\/div>\n    <\/button>\n  <\/div>\n  <div id=\"collapse-block_693a5eb67fd1b\" class=\"accordion-collapse collapse \">\n    <div class=\"accordion-body pt-1\">\n      <div class=\"acf-innerblocks-container\">\n\n<p>Manifestation 100% gratuite, Label Suisse a pour mission de proposer aux publics des concerts en libre acc\u00e8s.<\/p>\n\n<\/div>\n    <\/div>\n  <\/div>\n<\/div>\n\n\n<div class=\"block block-accordion accordion-item\">\n  <div class=\"accordion-header\">\n    <button class=\"accordion-button collapsed\" type=\"button\" data-bs-toggle=\"collapse\" data-bs-target=\"#collapse-block_693a5eb67fd22\" aria-expanded=\"false\" aria-controls=\"collapse-block_693a5eb67fd22\">\n      <div class=\"h3 mb-0\">Comment venir ?<\/div>\n    <\/button>\n  <\/div>\n  <div id=\"collapse-block_693a5eb67fd22\" class=\"accordion-collapse collapse \">\n    <div class=\"accordion-body pt-1\">\n      <div class=\"acf-innerblocks-container\">\n\n<p>Le festival encourage la mobilit\u00e9 douce et les transports en communs. Rendez-vous sur la page \u00ab\u00a0<a href=\"https:\/\/labelsuisse.ch\/lieux-et-acces\/\">acc\u00e8s<\/a>\u00a0\u00bb pour plus d&rsquo;info.<\/p>\n\n<\/div>\n    <\/div>\n  <\/div>\n<\/div>\n\n\n<div class=\"block block-accordion accordion-item\">\n  <div class=\"accordion-header\">\n    <button class=\"accordion-button collapsed\" type=\"button\" data-bs-toggle=\"collapse\" data-bs-target=\"#collapse-block_693a5eb67fd2a\" aria-expanded=\"false\" aria-controls=\"collapse-block_693a5eb67fd2a\">\n      <div class=\"h3 mb-0\">O\u00f9 se restaurer ?<\/div>\n    <\/button>\n  <\/div>\n  <div id=\"collapse-block_693a5eb67fd2a\" class=\"accordion-collapse collapse \">\n    <div class=\"accordion-body pt-1\">\n      <div class=\"acf-innerblocks-container\">\n\n<p>Rendez-vous \u00e0 la Place des Pionni\u00e8res (anciennement Place Centrale), du 13 au 15 septembre pour d\u00e9couvrir nos d\u00e9licieux stands de nourriture et boissons.<\/p>\n\n<\/div>\n    <\/div>\n  <\/div>\n<\/div>\n<\/div>\n  <\/div>\n<\/div><\/div>\n<\/div>\n<\/div>\n<\/div>\n","protected":false},"excerpt":{"rendered":"","protected":false},"author":1,"featured_media":0,"parent":0,"menu_order":0,"comment_status":"closed","ping_status":"closed","template":"template-front-page-animated.php","meta":{"_acf_changed":false,"footnotes":""},"class_list":["post-675","page","type-page","status-publish","hentry"],"acf":[],"_links":{"self":[{"href":"https:\/\/labelsuisse.ch\/archive\/2024\/wp-json\/wp\/v2\/pages\/675","targetHints":{"allow":["GET"]}}],"collection":[{"href":"https:\/\/labelsuisse.ch\/archive\/2024\/wp-json\/wp\/v2\/pages"}],"about":[{"href":"https:\/\/labelsuisse.ch\/archive\/2024\/wp-json\/wp\/v2\/types\/page"}],"author":[{"embeddable":true,"href":"https:\/\/labelsuisse.ch\/archive\/2024\/wp-json\/wp\/v2\/users\/1"}],"replies":[{"embeddable":true,"href":"https:\/\/labelsuisse.ch\/archive\/2024\/wp-json\/wp\/v2\/comments?post=675"}],"version-history":[{"count":31,"href":"https:\/\/labelsuisse.ch\/archive\/2024\/wp-json\/wp\/v2\/pages\/675\/revisions"}],"predecessor-version":[{"id":1781,"href":"https:\/\/labelsuisse.ch\/archive\/2024\/wp-json\/wp\/v2\/pages\/675\/revisions\/1781"}],"wp:attachment":[{"href":"https:\/\/labelsuisse.ch\/archive\/2024\/wp-json\/wp\/v2\/media?parent=675"}],"curies":[{"name":"wp","href":"https:\/\/api.w.org\/{rel}","templated":true}]}}