{"id":304,"date":"2024-04-02T13:17:12","date_gmt":"2024-04-02T11:17:12","guid":{"rendered":"https:\/\/labelsuisse.local\/?page_id=304"},"modified":"2024-04-17T11:56:32","modified_gmt":"2024-04-17T09:56:32","slug":"datenschutzrichtlinie","status":"publish","type":"page","link":"https:\/\/labelsuisse.ch\/de\/datenschutzrichtlinie\/","title":{"rendered":"Datenschutzrichtlinie"},"content":{"rendered":"\n<p>Aktualisiert am 17. April 2024<\/p>\n\n\n\n<p>Diese Datenschutzrichtlinie beschreibt die Richtlinien der Association Label Suisse pour la mise en valeur des musiques suisses, Place de la Cath\u00e9drale 6, Waadt 1005, Schweiz, E-Mail: <a>info@labelsuisse.ch<\/a>, bez\u00fcglich der Erfassung, Nutzung und Offenlegung Ihrer Informationen, die wir sammeln, wenn Sie unsere Website (<a href=\"https:\/\/labelsuisse.ch\/\">https:\/\/labelsuisse.ch<\/a>) nutzen (der \u201eDienst\u201c). Durch den Zugriff auf oder die Nutzung des Dienstes stimmen Sie der Erfassung, Nutzung und Offenlegung Ihrer Informationen gem\u00e4\u00df dieser Datenschutzrichtlinie zu. Wenn Sie damit nicht einverstanden sind, greifen Sie bitte nicht auf den Dienst zu und nutzen Sie ihn nicht. Wir k\u00f6nnen diese Datenschutzrichtlinie jederzeit ohne vorherige Ank\u00fcndigung \u00e4ndern und die \u00fcberarbeitete Datenschutzrichtlinie im Dienst ver\u00f6ffentlichen. Die \u00fcberarbeitete Richtlinie tritt 180 Tage nach ihrer Ver\u00f6ffentlichung im Dienst in Kraft und Ihr fortgesetzter Zugriff oder die Nutzung des Dienstes nach diesem Zeitpunkt gilt als Ihre Zustimmung zur \u00fcberarbeiteten Datenschutzrichtlinie. Wir empfehlen Ihnen daher, diese Seite regelm\u00e4\u00dfig zu \u00fcberpr\u00fcfen.<\/p>\n\n\n\n<h5 class=\"wp-block-heading\">Wie wir Ihre Informationen nutzen<\/h5>\n\n\n\n<p>Wir verwenden die \u00fcber Sie gesammelten Informationen zu folgenden Zwecken:<\/p>\n\n\n\n<ul class=\"wp-block-list\">\n<li>Marketing\/Werbung<\/li>\n\n\n\n<li>Verwaltungsinformationen<\/li>\n\n\n\n<li>Zielgerichtete Werbung Wenn wir Ihre Informationen f\u00fcr andere Zwecke verwenden m\u00f6chten, werden wir um Ihre Zustimmung bitten und Ihre Informationen nur nach Erhalt Ihrer Zustimmung und dann nur f\u00fcr die Zwecke verwenden, f\u00fcr die Sie Ihre Zustimmung erteilt haben, es sei denn, wir sind gesetzlich dazu verpflichtet.<\/li>\n<\/ul>\n\n\n\n<h5 class=\"wp-block-heading\">Wie wir Ihre Informationen teilen<\/h5>\n\n\n\n<p>Wir werden Ihre pers\u00f6nlichen Informationen nicht an Dritte \u00fcbertragen, ohne Ihre Zustimmung einzuholen, au\u00dfer unter den unten beschriebenen begrenzten Umst\u00e4nden:<\/p>\n\n\n\n<ul class=\"wp-block-list\">\n<li>Analysen Wir verlangen von diesen Dritten, dass sie die \u00fcbertragenen pers\u00f6nlichen Informationen nur zu dem Zweck verwenden, f\u00fcr den sie \u00fcbertragen wurden, und sie nicht l\u00e4nger aufbewahren, als f\u00fcr diesen Zweck erforderlich ist. Wir k\u00f6nnen Ihre pers\u00f6nlichen Informationen auch aus folgenden Gr\u00fcnden offenlegen: (1) um geltendem Recht, Vorschriften, Gerichtsbeschl\u00fcssen oder anderen rechtlichen Verfahren nachzukommen; (2) um Ihre Vereinbarungen mit uns durchzusetzen, einschlie\u00dflich dieser Datenschutzrichtlinie; oder (3) um auf Behauptungen zu reagieren, dass Ihre Nutzung des Dienstes Rechte Dritter verletzt. Wenn der Dienst oder unser Unternehmen mit einem anderen Unternehmen fusioniert oder \u00fcbernommen wird, werden Ihre Informationen zu den Verm\u00f6genswerten geh\u00f6ren, die an den neuen Eigent\u00fcmer \u00fcbertragen werden.<\/li>\n<\/ul>\n\n\n\n<h5 class=\"wp-block-heading\">Ihre rechte<\/h5>\n\n\n\n<p>Je nach geltendem Recht haben Sie m\u00f6glicherweise das Recht, auf Ihre personenbezogenen Daten zuzugreifen und sie zu berichtigen oder zu l\u00f6schen oder eine Kopie Ihrer personenbezogenen Daten zu erhalten, die aktive Verarbeitung Ihrer Daten einzuschr\u00e4nken oder dagegen Einspruch zu erheben, uns zu bitten, Ihre pers\u00f6nlichen Informationen an eine andere Entit\u00e4t zu \u00fcbertragen, jede von Ihnen erteilte Zustimmung zur Verarbeitung Ihrer Daten zur\u00fcckzuziehen, ein Beschwerderecht bei einer gesetzlichen Beh\u00f6rde sowie andere Rechte, die unter den anwendbaren Gesetzen relevant sein k\u00f6nnen. Um diese Rechte auszu\u00fcben, k\u00f6nnen Sie uns unter <a>info@labelsuisse.ch<\/a> schreiben. Wir werden Ihrer Anfrage gem\u00e4\u00df dem geltenden Recht nachkommen. Sie k\u00f6nnen sich von Direktmarketing-Kommunikationen oder dem Profiling, das wir f\u00fcr Marketingzwecke durchf\u00fchren, abmelden, indem Sie uns unter <a>info@labelsuisse.ch<\/a> schreiben. Bitte beachten Sie, dass Sie, wenn Sie uns nicht erlauben, die erforderlichen pers\u00f6nlichen Informationen zu sammeln oder zu verarbeiten oder die Zustimmung zur Verarbeitung derselben f\u00fcr die erforderlichen Zwecke zur\u00fcckziehen, m\u00f6glicherweise nicht auf die Dienste zugreifen oder sie nutzen k\u00f6nnen, f\u00fcr die Ihre Informationen angefordert wurden.<\/p>\n\n\n\n<h5 class=\"wp-block-heading\">Sicherheit<\/h5>\n\n\n\n<p>Die Sicherheit Ihrer Informationen ist uns wichtig und wir werden angemessene Sicherheitsma\u00dfnahmen ergreifen, um den Verlust, Missbrauch oder unbefugte \u00c4nderung Ihrer Informationen unter unserer Kontrolle zu verhindern. Angesichts der inh\u00e4renten Risiken k\u00f6nnen wir jedoch keine absolute Sicherheit garantieren und folglich k\u00f6nnen wir die Sicherheit der Informationen, die Sie uns \u00fcbermitteln, nicht gew\u00e4hrleisten oder garantieren, und Sie tun dies auf eigenes Risiko.<\/p>\n\n\n\n<h5 class=\"wp-block-heading\">Beschwerde-\/Datenschutzbeauftragter<\/h5>\n\n\n\n<p>Wenn Sie Fragen oder Bedenken bez\u00fcglich der Verarbeitung Ihrer bei uns vorhandenen Informationen haben, k\u00f6nnen Sie unseren Beschwerdebeauftragten bei der Association Label Suisse pour la mise en valeur des musiques suisses, Place de la Cath\u00e9drale 6 CH-1005 Lausanne, E-Mail: <a>info@labelsuisse.ch<\/a> kontaktieren. Wir werden Ihre Bedenken gem\u00e4\u00df dem anwendbaren Recht behandeln.<\/p>\n","protected":false},"excerpt":{"rendered":"<p>Aktualisiert am 17. April 2024 Diese Datenschutzrichtlinie beschreibt die Richtlinien der Association Label Suisse pour la mise en valeur des musiques suisses, Place de la Cath\u00e9drale 6, Waadt 1005, Schweiz, E-Mail: info@labelsuisse.ch, bez\u00fcglich der Erfassung, Nutzung und Offenlegung Ihrer Informationen, die wir sammeln, wenn Sie unsere Website (https:\/\/labelsuisse.ch) nutzen (der \u201eDienst\u201c). Durch den Zugriff auf [&hellip;]<\/p>\n","protected":false},"author":1,"featured_media":0,"parent":0,"menu_order":10000,"comment_status":"closed","ping_status":"closed","template":"","meta":{"_acf_changed":false,"footnotes":""},"class_list":["post-304","page","type-page","status-publish","hentry"],"acf":[],"_links":{"self":[{"href":"https:\/\/labelsuisse.ch\/de\/wp-json\/wp\/v2\/pages\/304","targetHints":{"allow":["GET"]}}],"collection":[{"href":"https:\/\/labelsuisse.ch\/de\/wp-json\/wp\/v2\/pages"}],"about":[{"href":"https:\/\/labelsuisse.ch\/de\/wp-json\/wp\/v2\/types\/page"}],"author":[{"embeddable":true,"href":"https:\/\/labelsuisse.ch\/de\/wp-json\/wp\/v2\/users\/1"}],"replies":[{"embeddable":true,"href":"https:\/\/labelsuisse.ch\/de\/wp-json\/wp\/v2\/comments?post=304"}],"version-history":[{"count":2,"href":"https:\/\/labelsuisse.ch\/de\/wp-json\/wp\/v2\/pages\/304\/revisions"}],"predecessor-version":[{"id":323,"href":"https:\/\/labelsuisse.ch\/de\/wp-json\/wp\/v2\/pages\/304\/revisions\/323"}],"wp:attachment":[{"href":"https:\/\/labelsuisse.ch\/de\/wp-json\/wp\/v2\/media?parent=304"}],"curies":[{"name":"wp","href":"https:\/\/api.w.org\/{rel}","templated":true}]}}