{"id":688,"date":"2024-04-25T14:43:48","date_gmt":"2024-04-25T12:43:48","guid":{"rendered":"https:\/\/labelsuisse.local\/?page_id=688"},"modified":"2026-04-17T10:45:26","modified_gmt":"2026-04-17T08:45:26","slug":"partner","status":"publish","type":"page","link":"https:\/\/labelsuisse.ch\/de\/partner\/","title":{"rendered":"Partner"},"content":{"rendered":"\r\n<h1 class=\"wp-block-heading has-text-align-center mb-3 mt-5\">Wichtigste Partner<\/h1>\r\n\r\n\r\n\r\n\r\n\r\n<div class=\"wp-block-spacer\" style=\"height: var(--wp--preset--spacing--20);\" aria-hidden=\"true\">\u00a0<\/div>\r\n\r\n\r\n\r\n<h2 class=\"wp-block-heading has-text-align-center mb-3 mt-5\">\u00a0\u00d6ffentliche und institutionelle Partner<\/h2>\r\n\r\n\r\n\r\n\r\n\r\n<div class=\"wp-block-spacer\" style=\"height: var(--wp--preset--spacing--20);\" aria-hidden=\"true\">\u00a0<\/div>\r\n\r\n\r\n\r\n<h2 class=\"wp-block-heading has-text-align-center mb-3 mt-5\">Partner<\/h2>\r\n\r\n\r\n\r\n\r\n\r\n<div class=\"wp-block-spacer\" style=\"height: var(--wp--preset--spacing--20);\" aria-hidden=\"true\">\u00a0<\/div>\r\n\r\n\r\n\r\n<h2 class=\"wp-block-heading has-text-align-center mb-3 mt-5\">Stiftungen und Unterst\u00fctzungen<\/h2>\r\n\r\n\r\n\r\n\r\n\r\n<div class=\"wp-block-spacer\" style=\"height: var(--wp--preset--spacing--20);\" aria-hidden=\"true\">\u00a0<\/div>\r\n\r\n\r\n\r\n<h2 class=\"wp-block-heading has-text-align-center mb-3 mt-5\">K\u00fcnstlerische und kulturelle Partner<\/h2>\r\n\r\n\r\n\r\n\r\n\r\n<div class=\"wp-block-spacer\" style=\"height: var(--wp--preset--spacing--20);\" aria-hidden=\"true\">\u00a0<\/div>\r\n\r\n\r\n\r\n<h2 class=\"wp-block-heading has-text-align-center mb-3 mt-5\">Medienpartner<\/h2>\r\n\r\n\r\n\r\n\r\n\r\n<div class=\"wp-block-spacer\" style=\"height: var(--wp--preset--spacing--20);\" aria-hidden=\"true\">\u00a0<\/div>\r\n\r\n\r\n\r\n<h2 class=\"wp-block-heading has-text-align-center mb-3 mt-5\">Servicepartner<\/h2>\r\n\r\n\r\n\r\n\r\n\r\n<div class=\"wp-block-spacer\" style=\"height: var(--wp--preset--spacing--20);\" aria-hidden=\"true\">\u00a0<\/div>\r\n\r\n\r\n\r\n<h2 class=\"wp-block-heading has-text-align-center mb-3 mt-5\">Lieferanten<\/h2>\r\n\r\n\r\n\r\n\r\n\r\n<div class=\"wp-block-spacer\" style=\"height: var(--wp--preset--spacing--40);\" aria-hidden=\"true\">\u00a0<\/div>\r\n","protected":false},"excerpt":{"rendered":"<p>Wichtigste Partner \u00a0\u00d6ffentliche und institutionelle Partner Partner Stiftungen und Unterst\u00fctzungen K\u00fcnstlerische und kulturelle Partner Medienpartner Servicepartner Lieferanten<\/p>\n","protected":false},"author":1,"featured_media":0,"parent":0,"menu_order":28,"comment_status":"closed","ping_status":"closed","template":"template-partenaires.php","meta":{"_acf_changed":false,"footnotes":""},"class_list":["post-688","page","type-page","status-publish","hentry"],"acf":[],"_links":{"self":[{"href":"https:\/\/labelsuisse.ch\/de\/wp-json\/wp\/v2\/pages\/688","targetHints":{"allow":["GET"]}}],"collection":[{"href":"https:\/\/labelsuisse.ch\/de\/wp-json\/wp\/v2\/pages"}],"about":[{"href":"https:\/\/labelsuisse.ch\/de\/wp-json\/wp\/v2\/types\/page"}],"author":[{"embeddable":true,"href":"https:\/\/labelsuisse.ch\/de\/wp-json\/wp\/v2\/users\/1"}],"replies":[{"embeddable":true,"href":"https:\/\/labelsuisse.ch\/de\/wp-json\/wp\/v2\/comments?post=688"}],"version-history":[{"count":33,"href":"https:\/\/labelsuisse.ch\/de\/wp-json\/wp\/v2\/pages\/688\/revisions"}],"predecessor-version":[{"id":2401,"href":"https:\/\/labelsuisse.ch\/de\/wp-json\/wp\/v2\/pages\/688\/revisions\/2401"}],"wp:attachment":[{"href":"https:\/\/labelsuisse.ch\/de\/wp-json\/wp\/v2\/media?parent=688"}],"curies":[{"name":"wp","href":"https:\/\/api.w.org\/{rel}","templated":true}]}}